{"id":24233,"date":"2026-04-15T16:33:29","date_gmt":"2026-04-15T14:33:29","guid":{"rendered":"https:\/\/phantomwear.pl\/?post_type=product&#038;p=24233"},"modified":"2026-04-15T16:33:29","modified_gmt":"2026-04-15T14:33:29","slug":"naruto-mythos-tcg-konoha-shido-team-set-naruto-2nd-edition","status":"publish","type":"product","link":"https:\/\/phantomwear.pl\/en\/product\/naruto-mythos-tcg-konoha-shido-team-set-naruto-2nd-edition\/","title":{"rendered":"Naruto Mythos TCG: Konoha Shid\u014d Team Set \u2013 Naruto &#8211; 2nd Edition"},"content":{"rendered":"<p><strong>Co znajdziesz w Team Set Naruto &#8211; 2nd Edition?<br \/>\n<\/strong>Team Set Naruto sk\u0142ada si\u0119 z:<\/p>\n<ul data-start=\"519\" data-end=\"668\">\n<li data-start=\"1085\" data-end=\"1132\">1 \u00d7 karta promocyjna Mythos (Naruto \u2013 Team 7)<\/li>\n<li data-start=\"1135\" data-end=\"1191\">3 \u00d7 booster pack Naruto Mythos TCG \u2013 Set 1 (2nd Edition)<\/li>\n<\/ul>\n<p><strong>Co nowego w 2nd Edition?<\/strong><br \/>\nNowa edycja wprowadza kilka istotnych zmian i dodatk\u00f3w<\/p>\n<ul>\n<li>Dwie nowe karty <strong>Gold<\/strong><\/li>\n<li>Nowe <strong>Secret Variants<\/strong><\/li>\n<li>Wszystkie karty bazowe z pierwszej edycji<\/li>\n<li>Ka\u017cda karta oznaczona jako &#8222;Edition 2&#8221;<\/li>\n<\/ul>","protected":false},"excerpt":{"rendered":"<section class=\"text-token-text-primary w-full focus:outline-none [--shadow-height:45px] has-data-writing-block:pointer-events-none has-data-writing-block:-mt-(--shadow-height) has-data-writing-block:pt-(--shadow-height) [&amp;:has([data-writing-block])&gt;*]:pointer-events-auto scroll-mt-(--header-height)\" dir=\"auto\" data-turn-id=\"17d15807-50d6-4682-aae7-9eac8c79275a\" data-testid=\"conversation-turn-7\" data-scroll-anchor=\"false\" data-turn=\"user\"><\/section>\n<section class=\"text-token-text-primary w-full focus:outline-none [--shadow-height:45px] has-data-writing-block:pointer-events-none has-data-writing-block:-mt-(--shadow-height) has-data-writing-block:pt-(--shadow-height) [&amp;:has([data-writing-block])&gt;*]:pointer-events-auto scroll-mt-[calc(var(--header-height)+min(200px,max(70px,20svh)))]\" dir=\"auto\" data-turn-id=\"request-WEB:ae98121a-8315-4c15-abd6-c1ca8bb46270-3\" data-testid=\"conversation-turn-8\" data-scroll-anchor=\"true\" data-turn=\"assistant\">\n<div class=\"text-base my-auto mx-auto pb-10 [--thread-content-margin:var(--thread-content-margin-xs,calc(var(--spacing)*4))] @w-sm\/main:[--thread-content-margin:var(--thread-content-margin-sm,calc(var(--spacing)*6))] @w-lg\/main:[--thread-content-margin:var(--thread-content-margin-lg,calc(var(--spacing)*16))] px-(--thread-content-margin)\">\n<div class=\"[--thread-content-max-width:40rem] @w-lg\/main:[--thread-content-max-width:48rem] mx-auto max-w-(--thread-content-max-width) flex-1 group\/turn-messages focus-visible:outline-hidden relative flex w-full min-w-0 flex-col agent-turn\">\n<div class=\"flex max-w-full flex-col gap-4 grow\">\n<div class=\"min-h-8 text-message relative flex w-full flex-col items-end gap-2 text-start break-words whitespace-normal outline-none keyboard-focused:focus-ring [.text-message+&amp;]:mt-1\" dir=\"auto\" tabindex=\"0\" data-message-author-role=\"assistant\" data-message-id=\"bd6af509-256a-4917-9525-3690837be9ba\" data-message-model-slug=\"gpt-5-3\" data-turn-start-message=\"true\">\n<div class=\"flex w-full flex-col gap-1 empty:hidden\">\n<div class=\"markdown prose dark:prose-invert w-full wrap-break-word dark markdown-new-styling\">\n<section class=\"text-token-text-primary w-full focus:outline-none [--shadow-height:45px] has-data-writing-block:pointer-events-none has-data-writing-block:-mt-(--shadow-height) has-data-writing-block:pt-(--shadow-height) [&amp;:has([data-writing-block])&gt;*]:pointer-events-auto scroll-mt-(--header-height)\" dir=\"auto\" data-turn-id=\"28b195ea-efc4-4b32-828b-25b40608e6c4\" data-testid=\"conversation-turn-9\" data-scroll-anchor=\"false\" data-turn=\"user\"><\/section>\n<section class=\"text-token-text-primary w-full focus:outline-none [--shadow-height:45px] has-data-writing-block:pointer-events-none has-data-writing-block:-mt-(--shadow-height) has-data-writing-block:pt-(--shadow-height) [&amp;:has([data-writing-block])&gt;*]:pointer-events-auto scroll-mt-[calc(var(--header-height)+min(200px,max(70px,20svh)))]\" dir=\"auto\" data-turn-id=\"request-WEB:ae98121a-8315-4c15-abd6-c1ca8bb46270-4\" data-testid=\"conversation-turn-10\" data-scroll-anchor=\"true\" data-turn=\"assistant\">\n<div class=\"text-base my-auto mx-auto pb-10 [--thread-content-margin:var(--thread-content-margin-xs,calc(var(--spacing)*4))] @w-sm\/main:[--thread-content-margin:var(--thread-content-margin-sm,calc(var(--spacing)*6))] @w-lg\/main:[--thread-content-margin:var(--thread-content-margin-lg,calc(var(--spacing)*16))] px-(--thread-content-margin)\">\n<div class=\"[--thread-content-max-width:40rem] @w-lg\/main:[--thread-content-max-width:48rem] mx-auto max-w-(--thread-content-max-width) flex-1 group\/turn-messages focus-visible:outline-hidden relative flex w-full min-w-0 flex-col agent-turn\">\n<div class=\"flex max-w-full flex-col gap-4 grow\">\n<div class=\"min-h-8 text-message relative flex w-full flex-col items-end gap-2 text-start break-words whitespace-normal outline-none keyboard-focused:focus-ring [.text-message+&amp;]:mt-1\" dir=\"auto\" tabindex=\"0\" data-message-author-role=\"assistant\" data-message-id=\"bc169fa0-6811-404e-86ad-cc8e5b227dc1\" data-message-model-slug=\"gpt-5-3\" data-turn-start-message=\"true\">\n<div class=\"flex w-full flex-col gap-1 empty:hidden\">\n<div class=\"markdown prose dark:prose-invert w-full wrap-break-word dark markdown-new-styling\">\n<ul>\n<li><strong>Produkt dost\u0119pny w przedsprzeda\u017cy<\/strong> \u2014 premiera ustalona przez producenta na czerwiec 2026 roku.<\/li>\n<li><strong>Wysy\u0142ka zam\u00f3wie\u0144 rozpocznie si\u0119 po premierze<\/strong>, po skompletowaniu ca\u0142ej zawarto\u015bci zam\u00f3wienia.<\/li>\n<li>Ze wzgl\u0119du na ograniczon\u0105 liczb\u0119 produkt\u00f3w przyznan\u0105 przez dystrybutora, w wyj\u0105tkowych sytuacjach mo\u017ce by\u0107 konieczna redukcja lub anulowanie cz\u0119\u015bci zam\u00f3wie\u0144. W pierwszej kolejno\u015bci ograniczane b\u0119d\u0105 zam\u00f3wienia obejmuj\u0105ce wi\u0119ksze ilo\u015bci produktu, aby jak najwi\u0119ksza liczba klient\u00f3w mog\u0142a otrzyma\u0107 swoje egzemplarze.<\/li>\n<\/ul>\n<\/div>\n<\/div>\n<\/div>\n<\/div>\n<\/div>\n<\/div>\n<\/section>\n<\/div>\n<\/div>\n<\/div>\n<\/div>\n<\/div>\n<\/div>\n<\/section>\n","protected":false},"featured_media":24237,"template":"","meta":{"_kad_post_transparent":"default","_kad_post_title":"","_kad_post_layout":"default","_kad_post_sidebar_id":"","_kad_post_content_style":"default","_kad_post_vertical_padding":"default","_kad_post_feature":"","_kad_post_feature_position":"","_kad_post_header":false,"_kad_post_footer":false},"product_brand":[],"product_cat":[350],"product_tag":[352,61,351],"class_list":{"0":"post-24233","1":"product","2":"type-product","3":"status-publish","4":"has-post-thumbnail","6":"product_cat-karty-tcg","7":"product_tag-mythos","8":"product_tag-naruto","9":"product_tag-tcg","11":"first","12":"outofstock","13":"shipping-taxable","14":"purchasable","15":"product-type-simple","16":"entry","17":"content-bg","18":"loop-entry"},"_links":{"self":[{"href":"https:\/\/phantomwear.pl\/en\/wp-json\/wp\/v2\/product\/24233","targetHints":{"allow":["GET"]}}],"collection":[{"href":"https:\/\/phantomwear.pl\/en\/wp-json\/wp\/v2\/product"}],"about":[{"href":"https:\/\/phantomwear.pl\/en\/wp-json\/wp\/v2\/types\/product"}],"version-history":[{"count":1,"href":"https:\/\/phantomwear.pl\/en\/wp-json\/wp\/v2\/product\/24233\/revisions"}],"predecessor-version":[{"id":24238,"href":"https:\/\/phantomwear.pl\/en\/wp-json\/wp\/v2\/product\/24233\/revisions\/24238"}],"wp:featuredmedia":[{"embeddable":true,"href":"https:\/\/phantomwear.pl\/en\/wp-json\/wp\/v2\/media\/24237"}],"wp:attachment":[{"href":"https:\/\/phantomwear.pl\/en\/wp-json\/wp\/v2\/media?parent=24233"}],"wp:term":[{"taxonomy":"product_brand","embeddable":true,"href":"https:\/\/phantomwear.pl\/en\/wp-json\/wp\/v2\/product_brand?post=24233"},{"taxonomy":"product_cat","embeddable":true,"href":"https:\/\/phantomwear.pl\/en\/wp-json\/wp\/v2\/product_cat?post=24233"},{"taxonomy":"product_tag","embeddable":true,"href":"https:\/\/phantomwear.pl\/en\/wp-json\/wp\/v2\/product_tag?post=24233"}],"curies":[{"name":"wp","href":"https:\/\/api.w.org\/{rel}","templated":true}]}}