{"id":24032,"date":"2026-04-13T11:44:18","date_gmt":"2026-04-13T09:44:18","guid":{"rendered":"https:\/\/phantomwear.pl\/?post_type=product&#038;p=24032"},"modified":"2026-04-13T12:06:54","modified_gmt":"2026-04-13T10:06:54","slug":"skarpety-dragonball-3-pak","status":"publish","type":"product","link":"https:\/\/phantomwear.pl\/en\/product\/skarpety-dragonball-3-pak\/","title":{"rendered":"Skarpety DragonBall &#8211; 3-pak"},"content":{"rendered":"<p>Haftowane skarpetki dost\u0119pne w dw\u00f3ch d\u0142ugo\u015bciach. Wykonane z najwy\u017cszej jako\u015bci materia\u0142\u00f3w, zapewniaj\u0105 komfort noszenia przez ca\u0142y dzie\u0144. Unikalny haft nadaje skarpetkom wyj\u0105tkowego charakteru, czyni\u0105c je idealnym wyborem zar\u00f3wno na co dzie\u0144, jak i na specjalne okazje. Wybierz sw\u00f3j rozmiar oraz kolor, i ciesz si\u0119 niepowtarzalnym stylem!<\/p>","protected":false},"excerpt":{"rendered":"<ul>\n<li style=\"text-align: left;\">3-pak Skarpet z haftem<br \/>\n|80% bawe\u0142na, 17% poliester, 3% elastan, 54g<br \/>\n|Podw\u00f3jna warstwa od spodu<\/li>\n<li style=\"text-align: left;\">Images for reference only<\/li>\n<\/ul>","protected":false},"featured_media":24037,"template":"","meta":{"_kad_post_transparent":"default","_kad_post_title":"","_kad_post_layout":"default","_kad_post_sidebar_id":"","_kad_post_content_style":"default","_kad_post_vertical_padding":"default","_kad_post_feature":"","_kad_post_feature_position":"","_kad_post_header":false,"_kad_post_footer":false},"product_brand":[],"product_cat":[112,97],"product_tag":[353,208,251,248],"class_list":{"0":"post-24032","1":"product","2":"type-product","3":"status-publish","4":"has-post-thumbnail","6":"product_cat-dragonball-skarpety","7":"product_cat-skarpety","8":"product_tag-dragonball","9":"product_tag-goku","10":"product_tag-majin-buu","11":"product_tag-piccolo","13":"first","14":"instock","15":"shipping-taxable","16":"purchasable","17":"product-type-variable","18":"entry","19":"content-bg","20":"loop-entry"},"_links":{"self":[{"href":"https:\/\/phantomwear.pl\/en\/wp-json\/wp\/v2\/product\/24032","targetHints":{"allow":["GET"]}}],"collection":[{"href":"https:\/\/phantomwear.pl\/en\/wp-json\/wp\/v2\/product"}],"about":[{"href":"https:\/\/phantomwear.pl\/en\/wp-json\/wp\/v2\/types\/product"}],"version-history":[{"count":2,"href":"https:\/\/phantomwear.pl\/en\/wp-json\/wp\/v2\/product\/24032\/revisions"}],"predecessor-version":[{"id":24047,"href":"https:\/\/phantomwear.pl\/en\/wp-json\/wp\/v2\/product\/24032\/revisions\/24047"}],"wp:featuredmedia":[{"embeddable":true,"href":"https:\/\/phantomwear.pl\/en\/wp-json\/wp\/v2\/media\/24037"}],"wp:attachment":[{"href":"https:\/\/phantomwear.pl\/en\/wp-json\/wp\/v2\/media?parent=24032"}],"wp:term":[{"taxonomy":"product_brand","embeddable":true,"href":"https:\/\/phantomwear.pl\/en\/wp-json\/wp\/v2\/product_brand?post=24032"},{"taxonomy":"product_cat","embeddable":true,"href":"https:\/\/phantomwear.pl\/en\/wp-json\/wp\/v2\/product_cat?post=24032"},{"taxonomy":"product_tag","embeddable":true,"href":"https:\/\/phantomwear.pl\/en\/wp-json\/wp\/v2\/product_tag?post=24032"}],"curies":[{"name":"wp","href":"https:\/\/api.w.org\/{rel}","templated":true}]}}