{"id":24021,"date":"2026-04-13T11:31:51","date_gmt":"2026-04-13T09:31:51","guid":{"rendered":"https:\/\/phantomwear.pl\/?post_type=product&#038;p=24021"},"modified":"2026-04-13T11:34:35","modified_gmt":"2026-04-13T09:34:35","slug":"skarpety-berserk-3-pak","status":"publish","type":"product","link":"https:\/\/phantomwear.pl\/en\/product\/skarpety-berserk-3-pak\/","title":{"rendered":"Skarpety Berserk &#8211; 3-pak"},"content":{"rendered":"<p data-start=\"95\" data-end=\"538\">Haftowane skarpetki dost\u0119pne w dw\u00f3ch d\u0142ugo\u015bciach oraz w dw\u00f3ch uniwersalnych kolorach \u2013 bia\u0142ym i czarnym. Wykonane z wysokiej jako\u015bci materia\u0142\u00f3w, zapewniaj\u0105 komfort noszenia przez ca\u0142y dzie\u0144. Starannie wykonany haft nadaje im wyj\u0105tkowego charakteru, dzi\u0119ki czemu \u015bwietnie sprawdz\u0105 si\u0119 zar\u00f3wno na co dzie\u0144, jak i jako stylowy dodatek do bardziej wyr\u00f3\u017cniaj\u0105cych si\u0119 outfit\u00f3w. Wybierz rozmiar i kolor dopasowany do siebie i podkre\u015bl sw\u00f3j styl.<\/p>","protected":false},"excerpt":{"rendered":"<ul>\n<li style=\"text-align: left;\">3-pak Skarpet z haftem<br \/>\n|80% bawe\u0142na, 17% poliester, 3% elastan, 54g<br \/>\n|Podw\u00f3jna warstwa od spodu<\/li>\n<li style=\"text-align: left;\">Images for reference only<\/li>\n<\/ul>","protected":false},"featured_media":24023,"template":"","meta":{"_kad_post_transparent":"default","_kad_post_title":"","_kad_post_layout":"default","_kad_post_sidebar_id":"","_kad_post_content_style":"default","_kad_post_vertical_padding":"default","_kad_post_feature":"","_kad_post_feature_position":"","_kad_post_header":false,"_kad_post_footer":false},"product_brand":[],"product_cat":[109,97],"product_tag":[168,192],"class_list":{"0":"post-24021","1":"product","2":"type-product","3":"status-publish","4":"has-post-thumbnail","6":"product_cat-berserk-skarpety","7":"product_cat-skarpety","8":"product_tag-berserk","9":"product_tag-guts","11":"first","12":"instock","13":"shipping-taxable","14":"purchasable","15":"product-type-variable","16":"entry","17":"content-bg","18":"loop-entry"},"_links":{"self":[{"href":"https:\/\/phantomwear.pl\/en\/wp-json\/wp\/v2\/product\/24021","targetHints":{"allow":["GET"]}}],"collection":[{"href":"https:\/\/phantomwear.pl\/en\/wp-json\/wp\/v2\/product"}],"about":[{"href":"https:\/\/phantomwear.pl\/en\/wp-json\/wp\/v2\/types\/product"}],"version-history":[{"count":1,"href":"https:\/\/phantomwear.pl\/en\/wp-json\/wp\/v2\/product\/24021\/revisions"}],"predecessor-version":[{"id":24028,"href":"https:\/\/phantomwear.pl\/en\/wp-json\/wp\/v2\/product\/24021\/revisions\/24028"}],"wp:featuredmedia":[{"embeddable":true,"href":"https:\/\/phantomwear.pl\/en\/wp-json\/wp\/v2\/media\/24023"}],"wp:attachment":[{"href":"https:\/\/phantomwear.pl\/en\/wp-json\/wp\/v2\/media?parent=24021"}],"wp:term":[{"taxonomy":"product_brand","embeddable":true,"href":"https:\/\/phantomwear.pl\/en\/wp-json\/wp\/v2\/product_brand?post=24021"},{"taxonomy":"product_cat","embeddable":true,"href":"https:\/\/phantomwear.pl\/en\/wp-json\/wp\/v2\/product_cat?post=24021"},{"taxonomy":"product_tag","embeddable":true,"href":"https:\/\/phantomwear.pl\/en\/wp-json\/wp\/v2\/product_tag?post=24021"}],"curies":[{"name":"wp","href":"https:\/\/api.w.org\/{rel}","templated":true}]}}