{"id":23778,"date":"2026-03-04T17:11:24","date_gmt":"2026-03-04T16:11:24","guid":{"rendered":"https:\/\/phantomwear.pl\/?post_type=product&#038;p=23778"},"modified":"2026-03-04T17:20:31","modified_gmt":"2026-03-04T16:20:31","slug":"hoody-killua-hxh-woven","status":"publish","type":"product","link":"https:\/\/phantomwear.pl\/en\/product\/hoody-killua-hxh-woven\/","title":{"rendered":"Hoody Killua HxH | Woven"},"content":{"rendered":"<div class=\"flex max-w-full flex-col grow\">\n<div class=\"min-h-8 text-message relative flex w-full flex-col items-end gap-2 text-start break-words whitespace-normal [.text-message+&amp;]:mt-1\" dir=\"auto\" data-message-author-role=\"assistant\" data-message-id=\"acc3d8e4-ba54-4ef5-b09d-6e63034086d8\" data-message-model-slug=\"gpt-5-3\">\n<div class=\"flex w-full flex-col gap-1 empty:hidden first:pt-[1px]\">\n<div class=\"markdown prose dark:prose-invert w-full wrap-break-word dark markdown-new-styling\">\n<p data-start=\"0\" data-end=\"387\"><strong data-start=\"0\" data-end=\"45\">Haft na przodzie \u2013 Odznaka Killuy (nr 99)<\/strong><br data-start=\"45\" data-end=\"48\" \/>Na piersi bluzy znajduje si\u0119 starannie wykonany haft przedstawiaj\u0105cy charakterystyczn\u0105 odznak\u0119 z numerem <strong data-start=\"153\" data-end=\"159\">99<\/strong>, nale\u017c\u0105c\u0105 do Killuy. Ten subtelny, ale znacz\u0105cy detal nawi\u0105zuje do egzaminu na \u0141owc\u0119 i podkre\u015bla wyj\u0105tkow\u0105 drog\u0119 bohatera. Minimalistyczny haft dodaje bluzie elegancji, a jednocze\u015bnie stanowi wyra\u017any uk\u0142on w stron\u0119 fan\u00f3w serii.<\/p>\n<p data-start=\"389\" data-end=\"751\" data-is-last-node=\"\" data-is-only-node=\"\"><strong data-start=\"389\" data-end=\"423\">Prawy r\u0119kaw \u2013 Wizerunek Killuy<\/strong><br data-start=\"423\" data-end=\"426\" \/>R\u0119kaw zdobi tkany wizerunek <strong data-start=\"458\" data-end=\"477\">Killuy Zoldycka<\/strong>, jednej z najbardziej charyzmatycznych postaci z <em data-start=\"527\" data-end=\"544\">Hunter x Hunter<\/em>. Dynamiczny motyw oddaje jego ch\u0142odny charakter, niezwyk\u0142e zdolno\u015bci oraz energi\u0119, z kt\u00f3rej s\u0142ynie w serii. To element, kt\u00f3ry natychmiast przyci\u0105ga uwag\u0119 i nadaje bluzie wyrazisty, kolekcjonerski charakter.<\/p>\n<\/div>\n<\/div>\n<\/div>\n<\/div>\n<div class=\"z-0 flex min-h-[46px] justify-start\"><\/div>\n<div class=\"mt-3 w-full empty:hidden\">\n<div class=\"text-center\">\n<div>\n<div class=\"inline-flex border border-gray-100 dark:border-gray-700 rounded-xl\">\n<div class=\"text-token-text-secondary flex items-center justify-center gap-4 px-4 py-2.5 text-sm whitespace-nowrap\"><\/div>\n<\/div>\n<\/div>\n<\/div>\n<\/div>\n","protected":false},"excerpt":{"rendered":"<ul>\n<li style=\"text-align: left;\">Hoodie with Embroidery and Woven Sleeve<br \/>\nRegular \u2013 65% brushed cotton, 35% polyester, 300gsm<br \/>\nOversized \u2013 100% loopback cotton, 460gsm<\/li>\n<li style=\"text-align: left;\">Photos show the regular fit hoodie.<\/li>\n<li><a href=\"https:\/\/phantomwear.pl\/en\/tabela-rozmiarow\/\">Size Chart<\/a><\/li>\n<\/ul>","protected":false},"featured_media":23799,"template":"","meta":{"_kad_post_transparent":"default","_kad_post_title":"","_kad_post_layout":"default","_kad_post_sidebar_id":"","_kad_post_content_style":"default","_kad_post_vertical_padding":"default","_kad_post_feature":"","_kad_post_feature_position":"","_kad_post_header":false,"_kad_post_footer":false},"product_brand":[],"product_cat":[64,85],"product_tag":[214],"class_list":{"0":"post-23778","1":"product","2":"type-product","3":"status-publish","4":"has-post-thumbnail","6":"product_cat-bluzy","7":"product_cat-hunterxhunter-bluzy","8":"product_tag-killua","10":"first","11":"instock","12":"shipping-taxable","13":"purchasable","14":"product-type-variable","15":"entry","16":"content-bg","17":"loop-entry"},"_links":{"self":[{"href":"https:\/\/phantomwear.pl\/en\/wp-json\/wp\/v2\/product\/23778","targetHints":{"allow":["GET"]}}],"collection":[{"href":"https:\/\/phantomwear.pl\/en\/wp-json\/wp\/v2\/product"}],"about":[{"href":"https:\/\/phantomwear.pl\/en\/wp-json\/wp\/v2\/types\/product"}],"version-history":[{"count":2,"href":"https:\/\/phantomwear.pl\/en\/wp-json\/wp\/v2\/product\/23778\/revisions"}],"predecessor-version":[{"id":23801,"href":"https:\/\/phantomwear.pl\/en\/wp-json\/wp\/v2\/product\/23778\/revisions\/23801"}],"wp:featuredmedia":[{"embeddable":true,"href":"https:\/\/phantomwear.pl\/en\/wp-json\/wp\/v2\/media\/23799"}],"wp:attachment":[{"href":"https:\/\/phantomwear.pl\/en\/wp-json\/wp\/v2\/media?parent=23778"}],"wp:term":[{"taxonomy":"product_brand","embeddable":true,"href":"https:\/\/phantomwear.pl\/en\/wp-json\/wp\/v2\/product_brand?post=23778"},{"taxonomy":"product_cat","embeddable":true,"href":"https:\/\/phantomwear.pl\/en\/wp-json\/wp\/v2\/product_cat?post=23778"},{"taxonomy":"product_tag","embeddable":true,"href":"https:\/\/phantomwear.pl\/en\/wp-json\/wp\/v2\/product_tag?post=23778"}],"curies":[{"name":"wp","href":"https:\/\/api.w.org\/{rel}","templated":true}]}}