{"id":10614,"date":"2024-07-18T18:10:10","date_gmt":"2024-07-18T16:10:10","guid":{"rendered":"https:\/\/phantomwear.pl\/?post_type=product&#038;p=10614"},"modified":"2024-07-18T18:10:11","modified_gmt":"2024-07-18T16:10:11","slug":"bluza-titan-eat","status":"publish","type":"product","link":"https:\/\/phantomwear.pl\/en\/product\/bluza-titan-eat\/","title":{"rendered":"Titan Eat Hoodie"},"content":{"rendered":"<p>Haftowana bluza z kapturem dost\u0119pna w dw\u00f3ch klasycznych krojach &#8211; regular i oversize. Wykonana z najwy\u017cszej jako\u015bci materia\u0142\u00f3w, zapewnia komfort noszenia przez ca\u0142y dzie\u0144. Unikalny haft nadaje bluzie wyj\u0105tkowego charakteru, czyni\u0105c j\u0105 idealnym wyborem zar\u00f3wno na co dzie\u0144, jak i na specjalne okazje.<\/p>","protected":false},"excerpt":{"rendered":"<ul>\n<li style=\"text-align: left;\">Embroidered hoodie<br \/>\nRegular \u2013 65% brushed cotton, 35% polyester, 300gsm<br \/>\nOversized \u2013 100% loopback cotton, 460gsm<\/li>\n<li style=\"text-align: left;\">Images for reference only<\/li>\n<li><a href=\"https:\/\/phantomwear.pl\/en\/tabela-rozmiarow\/\">Size Chart<\/a><\/li>\n<\/ul>","protected":false},"featured_media":10562,"template":"","meta":{"_kad_post_transparent":"default","_kad_post_title":"","_kad_post_layout":"default","_kad_post_sidebar_id":"","_kad_post_content_style":"default","_kad_post_vertical_padding":"default","_kad_post_feature":"","_kad_post_feature_position":"","_kad_post_header":false,"_kad_post_footer":false},"product_brand":[],"product_cat":[76,64],"product_tag":[181],"class_list":{"0":"post-10614","1":"product","2":"type-product","3":"status-publish","4":"has-post-thumbnail","6":"product_cat-aot-bluzy","7":"product_cat-bluzy","8":"product_tag-eren","10":"first","11":"instock","12":"shipping-taxable","13":"purchasable","14":"product-type-variable","15":"entry","16":"content-bg","17":"loop-entry"},"_links":{"self":[{"href":"https:\/\/phantomwear.pl\/en\/wp-json\/wp\/v2\/product\/10614","targetHints":{"allow":["GET"]}}],"collection":[{"href":"https:\/\/phantomwear.pl\/en\/wp-json\/wp\/v2\/product"}],"about":[{"href":"https:\/\/phantomwear.pl\/en\/wp-json\/wp\/v2\/types\/product"}],"version-history":[{"count":0,"href":"https:\/\/phantomwear.pl\/en\/wp-json\/wp\/v2\/product\/10614\/revisions"}],"wp:featuredmedia":[{"embeddable":true,"href":"https:\/\/phantomwear.pl\/en\/wp-json\/wp\/v2\/media\/10562"}],"wp:attachment":[{"href":"https:\/\/phantomwear.pl\/en\/wp-json\/wp\/v2\/media?parent=10614"}],"wp:term":[{"taxonomy":"product_brand","embeddable":true,"href":"https:\/\/phantomwear.pl\/en\/wp-json\/wp\/v2\/product_brand?post=10614"},{"taxonomy":"product_cat","embeddable":true,"href":"https:\/\/phantomwear.pl\/en\/wp-json\/wp\/v2\/product_cat?post=10614"},{"taxonomy":"product_tag","embeddable":true,"href":"https:\/\/phantomwear.pl\/en\/wp-json\/wp\/v2\/product_tag?post=10614"}],"curies":[{"name":"wp","href":"https:\/\/api.w.org\/{rel}","templated":true}]}}