{"id":4243,"date":"2024-07-01T23:08:58","date_gmt":"2024-07-01T21:08:58","guid":{"rendered":"https:\/\/phantomwear.pl\/?page_id=4243"},"modified":"2026-02-20T18:18:34","modified_gmt":"2026-02-20T17:18:34","slug":"tabela-rozmiarow","status":"publish","type":"page","link":"https:\/\/phantomwear.pl\/en\/tabela-rozmiarow\/","title":{"rendered":"Tabela Rozmiar\u00f3w"},"content":{"rendered":"<div data-elementor-type=\"wp-page\" data-elementor-id=\"4243\" class=\"elementor elementor-4243\" data-elementor-post-type=\"page\">\n\t\t\t\t<div class=\"elementor-element elementor-element-c8a8101 e-flex e-con-boxed e-con e-parent\" data-id=\"c8a8101\" data-element_type=\"container\">\n\t\t\t\t\t<div class=\"e-con-inner\">\n\t\t\t\t<div class=\"elementor-element elementor-element-18bb549 elementor-widget elementor-widget-heading\" data-id=\"18bb549\" data-element_type=\"widget\" data-widget_type=\"heading.default\">\n\t\t\t\t<div class=\"elementor-widget-container\">\n\t\t\t\t\t<h2 class=\"elementor-heading-title elementor-size-default\">T-SHIRTS<\/h2>\t\t\t\t<\/div>\n\t\t\t\t<\/div>\n\t\t\t\t\t<\/div>\n\t\t\t\t<\/div>\n\t\t<div class=\"elementor-element elementor-element-f301f76 e-flex e-con-boxed e-con e-parent\" data-id=\"f301f76\" data-element_type=\"container\">\n\t\t\t\t\t<div class=\"e-con-inner\">\n\t\t\t\t<div class=\"elementor-element elementor-element-6f4173c elementor-widget elementor-widget-html\" data-id=\"6f4173c\" data-element_type=\"widget\" data-widget_type=\"html.default\">\n\t\t\t\t<div class=\"elementor-widget-container\">\n\t\t\t\t\t<style>\r\n.size-section {\r\n  max-width: 850px;\r\n  margin: 40px auto;\r\n  padding: 0 20px;\r\n  font-family: inherit;\r\n}\r\n\r\n.size-wrapper {\r\n  display: flex;\r\n  gap: 40px;\r\n}\r\n\r\n.size-column {\r\n  flex: 1;\r\n}\r\n\r\n.size-title {\r\n  text-align: center;\r\n  font-size: 24px;\r\n  font-weight: 700;\r\n  margin-bottom: 5px;\r\n}\r\n\r\n.size-subtitle {\r\n  text-align: center;\r\n  font-size: 14px;\r\n  margin-bottom: 20px;\r\n  opacity: 0.7;\r\n}\r\n\r\n.size-image {\r\n  display: block;\r\n  margin: 0 auto 20px auto;\r\n  max-width: 280px;\r\n  width: 100%;\r\n  height: auto;\r\n}\r\n\r\n.size-table {\r\n  width: 100%;\r\n  border-collapse: collapse;\r\n  text-align: center;\r\n  font-size: 14px;\r\n}\r\n\r\n.size-table th,\r\n.size-table td {\r\n  border: 1px solid #000;\r\n  padding: 8px;\r\n}\r\n\r\n.size-table th {\r\n  background-color: #ebebeb;\r\n  font-weight: 600;\r\n}\r\n\r\n.size-table td:first-child {\r\n  background-color: #ebebeb;\r\n  font-weight: 600;\r\n}\r\n\r\n\/* MOBILE *\/\r\n@media (max-width: 850px) {\r\n  .size-wrapper {\r\n    flex-direction: column;\r\n  }\r\n\r\n  .size-column {\r\n    width: 100%;\r\n  }\r\n}\r\n<\/style>\r\n\r\n<div class=\"size-section\">\r\n  <div class=\"size-wrapper\">\r\n\r\n    <!-- REGULAR -->\r\n    <div class=\"size-column\">\r\n      <div class=\"size-title\">Round Neck (Regular)<\/div>\r\n      <div class=\"size-subtitle\">100% Bawe\u0142na, 200g<\/div>\r\n      <img decoding=\"async\" class=\"size-image\" src=\"https:\/\/phantomwear.pl\/wp-content\/uploads\/2026\/02\/1-1.png\">\r\n\r\n      <table class=\"size-table\">\r\n        <tr>\r\n          <th><\/th><th>XS<\/th><th>S<\/th><th>M<\/th><th>L<\/th><th>XL<\/th><th>2XL<\/th><th>3XL<\/th>\r\n        <\/tr>\r\n        <tr>\r\n          <td>A: D\u0142ugo\u015b\u0107<\/td>\r\n          <td>71<\/td><td>73<\/td><td>75<\/td><td>77<\/td><td>79<\/td><td>81<\/td><td>82<\/td>\r\n        <\/tr>\r\n        <tr>\r\n          <td>B: 1\/2 klatki<\/td>\r\n          <td>45<\/td><td>48<\/td><td>51<\/td><td>54<\/td><td>57<\/td><td>60<\/td><td>65<\/td>\r\n        <\/tr>\r\n      <\/table>\r\n    <\/div>\r\n\r\n    <!-- OVERSIZE -->\r\n    <div class=\"size-column\">\r\n      <div class=\"size-title\">Oversize<\/div>\r\n      <div class=\"size-subtitle\">100% Bawe\u0142na, 240g<\/div>\r\n      <img decoding=\"async\" class=\"size-image\" src=\"https:\/\/phantomwear.pl\/wp-content\/uploads\/2026\/02\/2-2.png\">\r\n\r\n      <table class=\"size-table\">\r\n        <tr>\r\n          <th><\/th><th>XS<\/th><th>S<\/th><th>M<\/th><th>L<\/th><th>XL<\/th><th>2XL<\/th><th>3XL<\/th>\r\n        <\/tr>\r\n        <tr>\r\n          <td>A: D\u0142ugo\u015b\u0107<\/td>\r\n          <td>74<\/td><td>76<\/td><td>78<\/td><td>80<\/td><td>82<\/td><td>84<\/td><td>85<\/td>\r\n        <\/tr>\r\n        <tr>\r\n          <td>B: 1\/2 klatki<\/td>\r\n          <td>54<\/td><td>57<\/td><td>60<\/td><td>63<\/td><td>66<\/td><td>69<\/td><td>73<\/td>\r\n        <\/tr>\r\n      <\/table>\r\n    <\/div>\r\n\r\n  <\/div>\r\n<\/div>\t\t\t\t<\/div>\n\t\t\t\t<\/div>\n\t\t\t\t\t<\/div>\n\t\t\t\t<\/div>\n\t\t<div class=\"elementor-element elementor-element-ca9754b e-flex e-con-boxed e-con e-parent\" data-id=\"ca9754b\" data-element_type=\"container\">\n\t\t\t\t\t<div class=\"e-con-inner\">\n\t\t\t\t<div class=\"elementor-element elementor-element-adceb6a elementor-widget elementor-widget-heading\" data-id=\"adceb6a\" data-element_type=\"widget\" data-widget_type=\"heading.default\">\n\t\t\t\t<div class=\"elementor-widget-container\">\n\t\t\t\t\t<h2 class=\"elementor-heading-title elementor-size-default\">HOODIES<\/h2>\t\t\t\t<\/div>\n\t\t\t\t<\/div>\n\t\t\t\t\t<\/div>\n\t\t\t\t<\/div>\n\t\t<div class=\"elementor-element elementor-element-867aae3 e-flex e-con-boxed e-con e-parent\" data-id=\"867aae3\" data-element_type=\"container\">\n\t\t\t\t\t<div class=\"e-con-inner\">\n\t\t\t\t<div class=\"elementor-element elementor-element-53f0c99 elementor-widget elementor-widget-html\" data-id=\"53f0c99\" data-element_type=\"widget\" data-widget_type=\"html.default\">\n\t\t\t\t<div class=\"elementor-widget-container\">\n\t\t\t\t\t<div class=\"size-section\">\r\n  <div class=\"size-wrapper\">\r\n\r\n    <!-- HOODIE REGULAR -->\r\n    <div class=\"size-column\">\r\n      <div class=\"size-title\">Hoodie Regular<\/div>\r\n      <div class=\"size-subtitle\">65% Bawe\u0142na ring, 35% Poliester, 300g<\/div>\r\n      <img decoding=\"async\" class=\"size-image\" src=\"https:\/\/phantomwear.pl\/wp-content\/uploads\/2026\/02\/4-2.png\">\r\n\r\n      <table class=\"size-table\">\r\n        <tr>\r\n          <th><\/th><th>XS<\/th><th>S<\/th><th>M<\/th><th>L<\/th><th>XL<\/th><th>2XL<\/th><th>3XL<\/th>\r\n        <\/tr>\r\n        <tr>\r\n          <td>A: D\u0142ugo\u015b\u0107<\/td>\r\n          <td>69<\/td><td>71<\/td><td>73<\/td><td>75<\/td><td>77<\/td><td>79<\/td><td>81<\/td>\r\n        <\/tr>\r\n        <tr>\r\n          <td>B: 1\/2 klatki<\/td>\r\n          <td>50<\/td><td>53<\/td><td>56<\/td><td>59<\/td><td>62<\/td><td>65<\/td><td>68<\/td>\r\n        <\/tr>\r\n      <\/table>\r\n    <\/div>\r\n\r\n    <!-- HOODIE OVERSIZE -->\r\n    <div class=\"size-column\">\r\n      <div class=\"size-title\">Hoodie Oversize<\/div>\r\n      <div class=\"size-subtitle\">100% Bawe\u0142na Terry, 460g<\/div>\r\n      <img decoding=\"async\" class=\"size-image\" src=\"https:\/\/phantomwear.pl\/wp-content\/uploads\/2026\/02\/3-3.png\">\r\n\r\n      <table class=\"size-table\">\r\n        <tr>\r\n          <th><\/th><th>XS<\/th><th>S<\/th><th>M<\/th><th>L<\/th><th>XL<\/th><th>2XL<\/th><th>3XL<\/th>\r\n        <\/tr>\r\n        <tr>\r\n          <td>A: D\u0142ugo\u015b\u0107<\/td>\r\n          <td>68<\/td><td>70<\/td><td>71<\/td><td>73<\/td><td>75<\/td><td>77<\/td><td>79<\/td>\r\n        <\/tr>\r\n        <tr>\r\n          <td>B: 1\/2 klatki<\/td>\r\n          <td>62<\/td><td>65<\/td><td>68<\/td><td>71<\/td><td>74<\/td><td>77<\/td><td>80<\/td>\r\n        <\/tr>\r\n      <\/table>\r\n    <\/div>\r\n\r\n  <\/div>\r\n<\/div>\t\t\t\t<\/div>\n\t\t\t\t<\/div>\n\t\t\t\t\t<\/div>\n\t\t\t\t<\/div>\n\t\t<div class=\"elementor-element elementor-element-0ef92f2 e-flex e-con-boxed e-con e-parent\" data-id=\"0ef92f2\" data-element_type=\"container\">\n\t\t\t\t\t<div class=\"e-con-inner\">\n\t\t\t\t<div class=\"elementor-element elementor-element-812604f elementor-widget elementor-widget-heading\" data-id=\"812604f\" data-element_type=\"widget\" data-widget_type=\"heading.default\">\n\t\t\t\t<div class=\"elementor-widget-container\">\n\t\t\t\t\t<h2 class=\"elementor-heading-title elementor-size-default\">TANK TOPS<\/h2>\t\t\t\t<\/div>\n\t\t\t\t<\/div>\n\t\t\t\t\t<\/div>\n\t\t\t\t<\/div>\n\t\t<div class=\"elementor-element elementor-element-56c7c85 e-flex e-con-boxed e-con e-parent\" data-id=\"56c7c85\" data-element_type=\"container\">\n\t\t\t\t\t<div class=\"e-con-inner\">\n\t\t\t\t<div class=\"elementor-element elementor-element-cd09c29 elementor-widget elementor-widget-html\" data-id=\"cd09c29\" data-element_type=\"widget\" data-widget_type=\"html.default\">\n\t\t\t\t<div class=\"elementor-widget-container\">\n\t\t\t\t\t<div class=\"size-section\">\r\n  <div class=\"size-wrapper\">\r\n\r\n    <!-- ZWYK\u0141Y TANK -->\r\n    <div class=\"size-column\">\r\n      <div class=\"size-title\">Zwyk\u0142y Tank<\/div>\r\n      <div class=\"size-subtitle\">100% Bawe\u0142na, 140g<\/div>\r\n      <img decoding=\"async\" class=\"size-image\" src=\"https:\/\/phantomwear.pl\/wp-content\/uploads\/2026\/02\/5-1.png\">\r\n\r\n      <table class=\"size-table\">\r\n        <tr>\r\n          <th><\/th><th>S<\/th><th>M<\/th><th>L<\/th><th>XL<\/th><th>2XL<\/th>\r\n        <\/tr>\r\n        <tr>\r\n          <td>A: D\u0142ugo\u015b\u0107<\/td>\r\n          <td>65<\/td><td>68<\/td><td>71<\/td><td>74<\/td><td>76<\/td>\r\n        <\/tr>\r\n        <tr>\r\n          <td>B: 1\/2 klatki<\/td>\r\n          <td>38<\/td><td>40<\/td><td>43<\/td><td>45<\/td><td>47<\/td>\r\n        <\/tr>\r\n      <\/table>\r\n    <\/div>\r\n\r\n    <!-- WYCI\u0118TY TANK -->\r\n    <div class=\"size-column\">\r\n      <div class=\"size-title\">Wyci\u0119ty Tank<\/div>\r\n      <div class=\"size-subtitle\">100% Bawe\u0142na, 140g<\/div>\r\n      <img decoding=\"async\" class=\"size-image\" src=\"https:\/\/phantomwear.pl\/wp-content\/uploads\/2026\/02\/6.png\">\r\n\r\n      <table class=\"size-table\">\r\n        <tr>\r\n          <th><\/th><th>S<\/th><th>M<\/th><th>L<\/th><th>XL<\/th><th>2XL<\/th>\r\n        <\/tr>\r\n        <tr>\r\n          <td>A: D\u0142ugo\u015b\u0107<\/td>\r\n          <td>69<\/td><td>71<\/td><td>74<\/td><td>76<\/td><td>78<\/td>\r\n        <\/tr>\r\n        <tr>\r\n          <td>B: 1\/2 klatki<\/td>\r\n          <td>40<\/td><td>42<\/td><td>43<\/td><td>45<\/td><td>47<\/td>\r\n        <\/tr>\r\n      <\/table>\r\n    <\/div>\r\n\r\n  <\/div>\r\n<\/div>\t\t\t\t<\/div>\n\t\t\t\t<\/div>\n\t\t\t\t\t<\/div>\n\t\t\t\t<\/div>\n\t\t\t\t<\/div>","protected":false},"excerpt":{"rendered":"<p>KOSZULKI Round Neck (Regular) 100% Bawe\u0142na, 200g XS S M L XL 2XL 3XL A: D\u0142ugo\u015b\u0107 71 73 75 77 79 81 82 B: 1\/2 klatki 45 48 51 54 57 60 65 Oversize 100% Bawe\u0142na, 240g XS S M L XL 2XL 3XL A: D\u0142ugo\u015b\u0107 74 76 78 80 82 84 85 B: 1\/2&#8230;<\/p>","protected":false},"author":1,"featured_media":0,"parent":0,"menu_order":0,"comment_status":"closed","ping_status":"closed","template":"","meta":{"_kad_post_transparent":"","_kad_post_title":"hide","_kad_post_layout":"fullwidth","_kad_post_sidebar_id":"","_kad_post_content_style":"unboxed","_kad_post_vertical_padding":"hide","_kad_post_feature":"hide","_kad_post_feature_position":"","_kad_post_header":false,"_kad_post_footer":false,"footnotes":""},"class_list":["post-4243","page","type-page","status-publish","hentry"],"_links":{"self":[{"href":"https:\/\/phantomwear.pl\/en\/wp-json\/wp\/v2\/pages\/4243","targetHints":{"allow":["GET"]}}],"collection":[{"href":"https:\/\/phantomwear.pl\/en\/wp-json\/wp\/v2\/pages"}],"about":[{"href":"https:\/\/phantomwear.pl\/en\/wp-json\/wp\/v2\/types\/page"}],"author":[{"embeddable":true,"href":"https:\/\/phantomwear.pl\/en\/wp-json\/wp\/v2\/users\/1"}],"replies":[{"embeddable":true,"href":"https:\/\/phantomwear.pl\/en\/wp-json\/wp\/v2\/comments?post=4243"}],"version-history":[{"count":81,"href":"https:\/\/phantomwear.pl\/en\/wp-json\/wp\/v2\/pages\/4243\/revisions"}],"predecessor-version":[{"id":23705,"href":"https:\/\/phantomwear.pl\/en\/wp-json\/wp\/v2\/pages\/4243\/revisions\/23705"}],"wp:attachment":[{"href":"https:\/\/phantomwear.pl\/en\/wp-json\/wp\/v2\/media?parent=4243"}],"curies":[{"name":"wp","href":"https:\/\/api.w.org\/{rel}","templated":true}]}}