{"id":2489,"date":"2024-06-26T21:19:39","date_gmt":"2024-06-26T19:19:39","guid":{"rendered":"https:\/\/phantomwear.pl\/?page_id=2489"},"modified":"2026-02-19T18:30:00","modified_gmt":"2026-02-19T17:30:00","slug":"faq","status":"publish","type":"page","link":"https:\/\/phantomwear.pl\/en\/faq\/","title":{"rendered":"FAQ"},"content":{"rendered":"\t\t<div data-elementor-type=\"wp-page\" data-elementor-id=\"2489\" class=\"elementor elementor-2489\" data-elementor-post-type=\"page\">\n\t\t\t\t<div class=\"elementor-element elementor-element-67c30fc e-flex e-con-boxed e-con e-parent\" data-id=\"67c30fc\" data-element_type=\"container\">\n\t\t\t\t\t<div class=\"e-con-inner\">\n\t\t\t\t<div class=\"elementor-element elementor-element-03d3fa7 elementor-widget elementor-widget-heading\" data-id=\"03d3fa7\" data-element_type=\"widget\" data-widget_type=\"heading.default\">\n\t\t\t\t<div class=\"elementor-widget-container\">\n\t\t\t\t\t<h2 class=\"elementor-heading-title elementor-size-default\">FAQ<\/h2>\t\t\t\t<\/div>\n\t\t\t\t<\/div>\n\t\t\t\t\t<\/div>\n\t\t\t\t<\/div>\n\t\t<div class=\"elementor-element elementor-element-08dcc3a e-flex e-con-boxed e-con e-parent\" data-id=\"08dcc3a\" data-element_type=\"container\">\n\t\t\t\t\t<div class=\"e-con-inner\">\n\t\t\t\t<div class=\"elementor-element elementor-element-5565eb3 elementor-widget elementor-widget-shortcode\" data-id=\"5565eb3\" data-element_type=\"widget\" data-widget_type=\"shortcode.default\">\n\t\t\t\t<div class=\"elementor-widget-container\">\n\t\t\t\t\t\t\t<div class=\"elementor-shortcode\"><style>#sp-ea-3239 .spcollapsing { height: 0; overflow: hidden; transition-property: height;transition-duration: 300ms;}#sp-ea-3239.sp-easy-accordion>.sp-ea-single {margin-bottom: 10px; border: 1px solid #f7fafc; }#sp-ea-3239.sp-easy-accordion>.sp-ea-single>.ea-header a {color: #0a0a0a;}#sp-ea-3239.sp-easy-accordion>.sp-ea-single>.sp-collapse>.ea-body {background: #f7fafc; color: #0a0a0a;}#sp-ea-3239.sp-easy-accordion>.sp-ea-single {background: #f7fafc;}#sp-ea-3239.sp-easy-accordion>.sp-ea-single>.ea-header a .ea-expand-icon { float: left; color: #0a0a0a;font-size: 16px;}<\/style><div id=\"sp_easy_accordion-1719513923\">\n<div id=\"sp-ea-3239\" class=\"sp-ea-one sp-easy-accordion\" data-ea-active=\"ea-click\" data-ea-mode=\"vertical\" data-preloader=\"\" data-scroll-active-item=\"\" data-offset-to-scroll=\"0\">\n\n<!-- Start accordion card div. -->\n<div class=\"ea-card  sp-ea-single\">\n\t<!-- Start accordion header. -->\n\t<h3 class=\"ea-header\">\n\t\t<!-- Add anchor tag for header. -->\n\t\t<a class=\"collapsed\" id=\"ea-header-32390\" role=\"button\" data-sptoggle=\"spcollapse\" data-sptarget=\"#collapse32390\" aria-controls=\"collapse32390\" href=\"#\"  aria-expanded=\"false\" tabindex=\"0\">\n\t\t<i aria-hidden=\"true\" role=\"presentation\" class=\"ea-expand-icon eap-icon-ea-expand-plus\"><\/i> Jak pra\u0107?\t\t<\/a> <!-- Close anchor tag for header. -->\n\t<\/h3>\t<!-- Close header tag. -->\n\t<!-- Start collapsible content div. -->\n\t<div class=\"sp-collapse spcollapse spcollapse\" id=\"collapse32390\" data-parent=\"#sp-ea-3239\" role=\"region\" aria-labelledby=\"ea-header-32390\">  <!-- Content div. -->\n\t\t<div class=\"ea-body\">\n\t\t<p>Pra\u0107 najlepiej jak najdelikatniej, 30 stopni b\u0119dzie odpowiednie.<br \/>\n<strong>Nie nale\u017cy suszy\u0107 w suszarce.<\/strong> (suszarka niszczy ubrania)<\/p>\n\t\t<\/div> <!-- Close content div. -->\n\t<\/div> <!-- Close collapse div. -->\n<\/div> <!-- Close card div. -->\n<!-- Start accordion card div. -->\n<div class=\"ea-card  sp-ea-single\">\n\t<!-- Start accordion header. -->\n\t<h3 class=\"ea-header\">\n\t\t<!-- Add anchor tag for header. -->\n\t\t<a class=\"collapsed\" id=\"ea-header-32391\" role=\"button\" data-sptoggle=\"spcollapse\" data-sptarget=\"#collapse32391\" aria-controls=\"collapse32391\" href=\"#\"  aria-expanded=\"false\" tabindex=\"0\">\n\t\t<i aria-hidden=\"true\" role=\"presentation\" class=\"ea-expand-icon eap-icon-ea-expand-plus\"><\/i> Jakie s\u0105 formy p\u0142atno\u015bci?\t\t<\/a> <!-- Close anchor tag for header. -->\n\t<\/h3>\t<!-- Close header tag. -->\n\t<!-- Start collapsible content div. -->\n\t<div class=\"sp-collapse spcollapse spcollapse\" id=\"collapse32391\" data-parent=\"#sp-ea-3239\" role=\"region\" aria-labelledby=\"ea-header-32391\">  <!-- Content div. -->\n\t\t<div class=\"ea-body\">\n\t\t<ul>\n<li>\n<p data-start=\"0\" data-end=\"19\">Klienci mog\u0105 skorzysta\u0107 z nast\u0119puj\u0105cych metod p\u0142atno\u015bci:<\/p>\n<p data-start=\"79\" data-end=\"215\"><strong data-start=\"79\" data-end=\"137\">\u2022 Karta p\u0142atnicza (Visa, Mastercard, American Express)<\/strong><br data-start=\"137\" data-end=\"140\" \/><strong data-start=\"140\" data-end=\"150\">\u2022 BLIK<\/strong><br data-start=\"150\" data-end=\"153\" \/><strong data-start=\"153\" data-end=\"165\">\u2022 PayPal<\/strong><br data-start=\"165\" data-end=\"168\" \/><strong data-start=\"168\" data-end=\"196\">\u2022 Google Pay \/ Apple Pay<\/strong><br data-start=\"196\" data-end=\"199\" \/><strong data-start=\"199\" data-end=\"215\" data-is-only-node=\"\">\u2022 Przelewy24<\/strong><\/p>\n<p data-start=\"217\" data-end=\"297\">Mo\u017cliwy jest r\u00f3wnie\u017c\u00a0<strong data-start=\"238\" data-end=\"268\">tradycyjny przelew bankowy<\/strong>\u00a0bezpo\u015brednio na nasze konto:<\/p>\n<p data-start=\"299\" data-end=\"375\"><strong data-start=\"299\" data-end=\"314\">PhantomWear<\/strong><br data-start=\"314\" data-end=\"317\" \/><strong data-start=\"317\" data-end=\"326\">mBank<\/strong><br data-start=\"326\" data-end=\"329\" \/><strong data-start=\"329\" data-end=\"375\">Nr konta: 76 1140 2004 0000 3602 7779 0211<\/strong><\/p>\n<p data-start=\"377\" data-end=\"518\">W tytule przelewu prosimy wpisa\u0107\u00a0<strong data-start=\"410\" data-end=\"430\">numer zam\u00f3wienia<\/strong>\u00a0oraz przes\u0142a\u0107\u00a0<strong data-start=\"445\" data-end=\"515\">potwierdzenie przelewu na adres e-mail:\u00a0<a rel=\"noopener\" data-start=\"487\" data-end=\"513\">biurophantomwear@gmail.com<\/a><\/strong>.<\/p>\n<p data-start=\"520\" data-end=\"584\" data-is-last-node=\"\" data-is-only-node=\"\">Realizacja zam\u00f3wienia rozpoczyna si\u0119 po zaksi\u0119gowaniu p\u0142atno\u015bci.<\/p>\n<p><em><strong><br \/>\n<\/strong><\/em><\/li>\n<\/ul>\n\t\t<\/div> <!-- Close content div. -->\n\t<\/div> <!-- Close collapse div. -->\n<\/div> <!-- Close card div. -->\n<!-- Start accordion card div. -->\n<div class=\"ea-card  sp-ea-single\">\n\t<!-- Start accordion header. -->\n\t<h3 class=\"ea-header\">\n\t\t<!-- Add anchor tag for header. -->\n\t\t<a class=\"collapsed\" id=\"ea-header-32392\" role=\"button\" data-sptoggle=\"spcollapse\" data-sptarget=\"#collapse32392\" aria-controls=\"collapse32392\" href=\"#\"  aria-expanded=\"false\" tabindex=\"0\">\n\t\t<i aria-hidden=\"true\" role=\"presentation\" class=\"ea-expand-icon eap-icon-ea-expand-plus\"><\/i> Jak z\u0142o\u017cy\u0107 zam\u00f3wienie z w\u0142asnym wzorem?\t\t<\/a> <!-- Close anchor tag for header. -->\n\t<\/h3>\t<!-- Close header tag. -->\n\t<!-- Start collapsible content div. -->\n\t<div class=\"sp-collapse spcollapse spcollapse\" id=\"collapse32392\" data-parent=\"#sp-ea-3239\" role=\"region\" aria-labelledby=\"ea-header-32392\">  <!-- Content div. -->\n\t\t<div class=\"ea-body\">\n\t\t<p>W przypadku custom\u00f3w prosimy o kontakt na <a href=\"https:\/\/www.instagram.com\/phantomwearpll\/\">Instagramie<\/a>, e-mail lub poprzez formularz na stronie internetowej.<\/p>\n\t\t<\/div> <!-- Close content div. -->\n\t<\/div> <!-- Close collapse div. -->\n<\/div> <!-- Close card div. -->\n<!-- Start accordion card div. -->\n<div class=\"ea-card  sp-ea-single\">\n\t<!-- Start accordion header. -->\n\t<h3 class=\"ea-header\">\n\t\t<!-- Add anchor tag for header. -->\n\t\t<a class=\"collapsed\" id=\"ea-header-32393\" role=\"button\" data-sptoggle=\"spcollapse\" data-sptarget=\"#collapse32393\" aria-controls=\"collapse32393\" href=\"#\"  aria-expanded=\"false\" tabindex=\"0\">\n\t\t<i aria-hidden=\"true\" role=\"presentation\" class=\"ea-expand-icon eap-icon-ea-expand-plus\"><\/i> Jak z\u0142o\u017cy\u0107 zam\u00f3wienie na faktur\u0119?\t\t<\/a> <!-- Close anchor tag for header. -->\n\t<\/h3>\t<!-- Close header tag. -->\n\t<!-- Start collapsible content div. -->\n\t<div class=\"sp-collapse spcollapse spcollapse\" id=\"collapse32393\" data-parent=\"#sp-ea-3239\" role=\"region\" aria-labelledby=\"ea-header-32393\">  <!-- Content div. -->\n\t\t<div class=\"ea-body\">\n\t\t<p>W przypadku ch\u0119ci z\u0142o\u017cenia zam\u00f3wienia z faktur\u0105 prosimy o kontakt prywatny (<a href=\"https:\/\/www.instagram.com\/phantomwearpll\/\">Instagram,<\/a> email).<\/p>\n\t\t<\/div> <!-- Close content div. -->\n\t<\/div> <!-- Close collapse div. -->\n<\/div> <!-- Close card div. -->\n<!-- Start accordion card div. -->\n<div class=\"ea-card  sp-ea-single\">\n\t<!-- Start accordion header. -->\n\t<h3 class=\"ea-header\">\n\t\t<!-- Add anchor tag for header. -->\n\t\t<a class=\"collapsed\" id=\"ea-header-32394\" role=\"button\" data-sptoggle=\"spcollapse\" data-sptarget=\"#collapse32394\" aria-controls=\"collapse32394\" href=\"#\"  aria-expanded=\"false\" tabindex=\"0\">\n\t\t<i aria-hidden=\"true\" role=\"presentation\" class=\"ea-expand-icon eap-icon-ea-expand-plus\"><\/i> Jaki jest czas i koszt dostawy?\t\t<\/a> <!-- Close anchor tag for header. -->\n\t<\/h3>\t<!-- Close header tag. -->\n\t<!-- Start collapsible content div. -->\n\t<div class=\"sp-collapse spcollapse spcollapse\" id=\"collapse32394\" data-parent=\"#sp-ea-3239\" role=\"region\" aria-labelledby=\"ea-header-32394\">  <!-- Content div. -->\n\t\t<div class=\"ea-body\">\n\t\t<div class=\"flex flex-col text-sm pb-25\">\n<article class=\"text-token-text-primary w-full focus:outline-none [--shadow-height:45px] has-data-writing-block:pointer-events-none has-data-writing-block:-mt-(--shadow-height) has-data-writing-block:pt-(--shadow-height) [&amp;:has([data-writing-block])&gt;*]:pointer-events-auto scroll-mt-[calc(var(--header-height)+min(200px,max(70px,20svh)))]\" dir=\"auto\" data-turn-id=\"request-WEB:ea5a1ff0-92d5-41c8-a3d5-eed7bfbb30e4-38\" data-testid=\"conversation-turn-4\" data-scroll-anchor=\"true\" data-turn=\"assistant\">\n<div class=\"text-base my-auto mx-auto pb-10 [--thread-content-margin:--spacing(4)] @w-sm\/main:[--thread-content-margin:--spacing(6)] @w-lg\/main:[--thread-content-margin:--spacing(16)] px-(--thread-content-margin)\">\n<div class=\"[--thread-content-max-width:40rem] @w-lg\/main:[--thread-content-max-width:48rem] mx-auto max-w-(--thread-content-max-width) flex-1 group\/turn-messages focus-visible:outline-hidden relative flex w-full min-w-0 flex-col agent-turn\">\n<div class=\"flex max-w-full flex-col grow\">\n<div class=\"min-h-8 text-message relative flex w-full flex-col items-end gap-2 text-start break-words whitespace-normal [.text-message+&amp;]:mt-1\" dir=\"auto\" data-message-author-role=\"assistant\" data-message-id=\"89ac17f1-2b91-4575-8759-cecca3300a96\" data-message-model-slug=\"gpt-5-2\">\n<div class=\"flex w-full flex-col gap-1 empty:hidden first:pt-[1px]\">\n<div class=\"markdown prose dark:prose-invert w-full wrap-break-word dark markdown-new-styling\">\n<p data-start=\"26\" data-end=\"149\"><strong data-start=\"26\" data-end=\"103\">Darmowa dostawa obowi\u0105zuje na terenie Polski przy zam\u00f3wieniach od 350 PLN<\/strong> (dotyczy paczek do 25 kg \u2013 Paczkomat InPost).<\/p>\n<p data-start=\"151\" data-end=\"293\"><strong data-start=\"151\" data-end=\"206\">Standardowy czas realizacji wynosi oko\u0142o 1 tygodnia<\/strong> i zale\u017cy od liczby zam\u00f3wie\u0144 w danym tygodniu oraz dost\u0119pno\u015bci produkt\u00f3w w magazynie.<\/p>\n<p data-start=\"295\" data-end=\"425\">W przypadku w\u0142asnych wzor\u00f3w (custom\u00f3w) <strong data-start=\"334\" data-end=\"383\">termin realizacji ustalany jest indywidualnie<\/strong> i zazwyczaj wynosi <strong data-start=\"403\" data-end=\"424\">od 1 do 3 tygodni<\/strong>.<\/p>\n<p data-start=\"427\" data-end=\"463\"><strong data-start=\"427\" data-end=\"463\">Koszt dostawy na terenie Polski:<\/strong><\/p>\n<ul data-start=\"464\" data-end=\"507\">\n<li data-start=\"464\" data-end=\"507\">\n<p data-start=\"466\" data-end=\"507\"><strong data-start=\"466\" data-end=\"507\">Paczkomaty InPost (do 22 kg) \u2013 17 PLN<\/strong><\/p>\n<\/li>\n<\/ul>\n<p data-start=\"509\" data-end=\"533\"><strong data-start=\"509\" data-end=\"533\">Wysy\u0142ka zagraniczna:<\/strong><\/p>\n<ul data-start=\"534\" data-end=\"621\" data-is-last-node=\"\" data-is-only-node=\"\">\n<li data-start=\"534\" data-end=\"621\" data-is-last-node=\"\">\n<p data-start=\"536\" data-end=\"621\" data-is-last-node=\"\"><strong data-start=\"536\" data-end=\"555\">Koszt od 50 PLN<\/strong> (ustalany indywidualnie po kontakcie przed z\u0142o\u017ceniem zam\u00f3wienia).<\/p>\n<\/li>\n<\/ul>\n<\/div>\n<\/div>\n<\/div>\n<\/div>\n<\/div>\n<\/div>\n<\/article>\n<\/div>\n\t\t<\/div> <!-- Close content div. -->\n\t<\/div> <!-- Close collapse div. -->\n<\/div> <!-- Close card div. -->\n<!-- Start accordion card div. -->\n<div class=\"ea-card  sp-ea-single\">\n\t<!-- Start accordion header. -->\n\t<h3 class=\"ea-header\">\n\t\t<!-- Add anchor tag for header. -->\n\t\t<a class=\"collapsed\" id=\"ea-header-32395\" role=\"button\" data-sptoggle=\"spcollapse\" data-sptarget=\"#collapse32395\" aria-controls=\"collapse32395\" href=\"#\"  aria-expanded=\"false\" tabindex=\"0\">\n\t\t<i aria-hidden=\"true\" role=\"presentation\" class=\"ea-expand-icon eap-icon-ea-expand-plus\"><\/i> Od jakiej kwoty jest darmowa dostawa?\t\t<\/a> <!-- Close anchor tag for header. -->\n\t<\/h3>\t<!-- Close header tag. -->\n\t<!-- Start collapsible content div. -->\n\t<div class=\"sp-collapse spcollapse spcollapse\" id=\"collapse32395\" data-parent=\"#sp-ea-3239\" role=\"region\" aria-labelledby=\"ea-header-32395\">  <!-- Content div. -->\n\t\t<div class=\"ea-body\">\n\t\t<p>Darmowa dostawa obowi\u0105zuje od 350 z\u0142 w Polsce.<\/p>\n\t\t<\/div> <!-- Close content div. -->\n\t<\/div> <!-- Close collapse div. -->\n<\/div> <!-- Close card div. -->\n<!-- Start accordion card div. -->\n<div class=\"ea-card  sp-ea-single\">\n\t<!-- Start accordion header. -->\n\t<h3 class=\"ea-header\">\n\t\t<!-- Add anchor tag for header. -->\n\t\t<a class=\"collapsed\" id=\"ea-header-32396\" role=\"button\" data-sptoggle=\"spcollapse\" data-sptarget=\"#collapse32396\" aria-controls=\"collapse32396\" href=\"#\"  aria-expanded=\"false\" tabindex=\"0\">\n\t\t<i aria-hidden=\"true\" role=\"presentation\" class=\"ea-expand-icon eap-icon-ea-expand-plus\"><\/i> Czy jest mo\u017cliwo\u015b\u0107 wysy\u0142ki za granic\u0119?\t\t<\/a> <!-- Close anchor tag for header. -->\n\t<\/h3>\t<!-- Close header tag. -->\n\t<!-- Start collapsible content div. -->\n\t<div class=\"sp-collapse spcollapse spcollapse\" id=\"collapse32396\" data-parent=\"#sp-ea-3239\" role=\"region\" aria-labelledby=\"ea-header-32396\">  <!-- Content div. -->\n\t\t<div class=\"ea-body\">\n\t\t<p data-start=\"0\" data-end=\"57\">Tak, jak najbardziej realizujemy wysy\u0142ki zagraniczne.<\/p>\n<p>Obecnie wysy\u0142amy zam\u00f3wienia do r\u00f3\u017cnych kraj\u00f3w \u2013 koszt oraz czas dostawy zale\u017c\u0105 od konkretnej lokalizacji.<\/p>\n<p data-start=\"168\" data-end=\"295\" data-is-last-node=\"\" data-is-only-node=\"\">Szczeg\u00f3\u0142y mo\u017cemy przes\u0142a\u0107 w wiadomo\u015bci prywatnej lub mailowo. Kontakt na <a href=\"https:\/\/www.instagram.com\/phantomwearpll\/\">Instagramie<\/a>, e-mail lub poprzez formularz na stronie internetowej.<\/p>\n\t\t<\/div> <!-- Close content div. -->\n\t<\/div> <!-- Close collapse div. -->\n<\/div> <!-- Close card div. -->\n<!-- Start accordion card div. -->\n<div class=\"ea-card  sp-ea-single\">\n\t<!-- Start accordion header. -->\n\t<h3 class=\"ea-header\">\n\t\t<!-- Add anchor tag for header. -->\n\t\t<a class=\"collapsed\" id=\"ea-header-32397\" role=\"button\" data-sptoggle=\"spcollapse\" data-sptarget=\"#collapse32397\" aria-controls=\"collapse32397\" href=\"#\"  aria-expanded=\"false\" tabindex=\"0\">\n\t\t<i aria-hidden=\"true\" role=\"presentation\" class=\"ea-expand-icon eap-icon-ea-expand-plus\"><\/i> Czy jest mo\u017cliwo\u015b\u0107 odbioru osobistego?\t\t<\/a> <!-- Close anchor tag for header. -->\n\t<\/h3>\t<!-- Close header tag. -->\n\t<!-- Start collapsible content div. -->\n\t<div class=\"sp-collapse spcollapse spcollapse\" id=\"collapse32397\" data-parent=\"#sp-ea-3239\" role=\"region\" aria-labelledby=\"ea-header-32397\">  <!-- Content div. -->\n\t\t<div class=\"ea-body\">\n\t\t<p>Wszystkie zam\u00f3wienia realizowane s\u0105 poprzez stron\u0119 internetow\u0105 i <a href=\"https:\/\/www.instagram.com\/phantomwearpll\/\">Instagram<\/a>, nie prowadzimy odbior\u00f3w osobistych.<\/p>\n\t\t<\/div> <!-- Close content div. -->\n\t<\/div> <!-- Close collapse div. -->\n<\/div> <!-- Close card div. -->\n<\/div>\n<\/div>\n<\/div>\n\t\t\t\t\t\t<\/div>\n\t\t\t\t<\/div>\n\t\t\t\t\t<\/div>\n\t\t\t\t<\/div>\n\t\t\t\t<\/div>\n\t\t","protected":false},"excerpt":{"rendered":"<p>FAQ<\/p>","protected":false},"author":1,"featured_media":0,"parent":0,"menu_order":0,"comment_status":"closed","ping_status":"closed","template":"","meta":{"_kad_post_transparent":"","_kad_post_title":"hide","_kad_post_layout":"fullwidth","_kad_post_sidebar_id":"","_kad_post_content_style":"unboxed","_kad_post_vertical_padding":"hide","_kad_post_feature":"hide","_kad_post_feature_position":"","_kad_post_header":false,"_kad_post_footer":false,"footnotes":""},"class_list":["post-2489","page","type-page","status-publish","hentry"],"_links":{"self":[{"href":"https:\/\/phantomwear.pl\/en\/wp-json\/wp\/v2\/pages\/2489","targetHints":{"allow":["GET"]}}],"collection":[{"href":"https:\/\/phantomwear.pl\/en\/wp-json\/wp\/v2\/pages"}],"about":[{"href":"https:\/\/phantomwear.pl\/en\/wp-json\/wp\/v2\/types\/page"}],"author":[{"embeddable":true,"href":"https:\/\/phantomwear.pl\/en\/wp-json\/wp\/v2\/users\/1"}],"replies":[{"embeddable":true,"href":"https:\/\/phantomwear.pl\/en\/wp-json\/wp\/v2\/comments?post=2489"}],"version-history":[{"count":15,"href":"https:\/\/phantomwear.pl\/en\/wp-json\/wp\/v2\/pages\/2489\/revisions"}],"predecessor-version":[{"id":23046,"href":"https:\/\/phantomwear.pl\/en\/wp-json\/wp\/v2\/pages\/2489\/revisions\/23046"}],"wp:attachment":[{"href":"https:\/\/phantomwear.pl\/en\/wp-json\/wp\/v2\/media?parent=2489"}],"curies":[{"name":"wp","href":"https:\/\/api.w.org\/{rel}","templated":true}]}}