{"id":2481,"date":"2024-06-26T21:18:07","date_gmt":"2024-06-26T19:18:07","guid":{"rendered":"https:\/\/phantomwear.pl\/?page_id=2481"},"modified":"2026-02-20T16:14:28","modified_gmt":"2026-02-20T15:14:28","slug":"formy-platnosci","status":"publish","type":"page","link":"https:\/\/phantomwear.pl\/en\/formy-platnosci\/","title":{"rendered":"Payment Methods"},"content":{"rendered":"<div data-elementor-type=\"wp-page\" data-elementor-id=\"2481\" class=\"elementor elementor-2481\" data-elementor-post-type=\"page\">\n\t\t\t\t<div class=\"elementor-element elementor-element-c9eb393 e-flex e-con-boxed e-con e-parent\" data-id=\"c9eb393\" data-element_type=\"container\">\n\t\t\t\t\t<div class=\"e-con-inner\">\n\t\t\t\t<div class=\"elementor-element elementor-element-d745995 elementor-widget elementor-widget-heading\" data-id=\"d745995\" data-element_type=\"widget\" data-widget_type=\"heading.default\">\n\t\t\t\t<div class=\"elementor-widget-container\">\n\t\t\t\t\t<h2 class=\"elementor-heading-title elementor-size-default\">PAYMENT METHODS<\/h2>\t\t\t\t<\/div>\n\t\t\t\t<\/div>\n\t\t\t\t\t<\/div>\n\t\t\t\t<\/div>\n\t\t<div class=\"elementor-element elementor-element-ab2c559 e-con-full e-flex e-con e-parent\" data-id=\"ab2c559\" data-element_type=\"container\">\n\t\t\t\t<div class=\"elementor-element elementor-element-ec96b31 elementor-widget elementor-widget-text-editor\" data-id=\"ec96b31\" data-element_type=\"widget\" data-widget_type=\"text-editor.default\">\n\t\t\t\t<div class=\"elementor-widget-container\">\n\t\t\t\t\t\t\t\t\t<p style=\"color: #000000; font-size: medium;\" data-start=\"0\" data-end=\"19\"><span style=\"background-color: transparent;\">Customers can choose from the following payment methods:<br><\/span><\/p>\n<p style=\"color: #000000; font-size: medium;\" data-start=\"79\" data-end=\"215\" class=\"translation-block\">\u2022 <strong>Credit\/Debit Card<\/strong> (Visa, Mastercard, American Express)<br>\n\u2022 <strong>BLIK<\/strong><br>\n\u2022 <strong>PayPal<\/strong><br>\n\u2022 <strong>Google Pay \/ Apple Pay<\/strong><br>\n\u2022 <strong>Przelewy24<\/strong><br><\/p>\n<p style=\"color: #000000; font-size: medium;\" data-start=\"217\" data-end=\"297\">It is also possible to <strong data-start=\"238\" data-end=\"268\">Traditional bank transfer<\/strong> directly to our account:<\/p>\n<p style=\"color: #000000; font-size: medium;\" data-start=\"299\" data-end=\"375\"><strong data-start=\"299\" data-end=\"314\">PhantomWear<\/strong><br data-start=\"314\" data-end=\"317\"><strong data-start=\"317\" data-end=\"326\">mBank<\/strong><br data-start=\"326\" data-end=\"329\"><strong data-start=\"329\" data-end=\"375\"><strong>Account number:<\/strong> PL76 1140 2004 0000 3602 7779 0211<\/strong><\/p>\n<p style=\"color: #000000; font-size: medium;\" data-start=\"377\" data-end=\"518\" class=\"translation-block\">Please include your <strong>order number<\/strong> in the transfer title and send the payment confirmation to: <strong>biurophantomwear@gmail.com\n<\/strong><br><\/p>\n<p style=\"color: #000000; font-size: medium;\" data-start=\"520\" data-end=\"584\" data-is-last-node=\"\" data-is-only-node=\"\">Order processing begins once the payment has been received.<\/p>\t\t\t\t\t\t\t\t<\/div>\n\t\t\t\t<\/div>\n\t\t\t\t<\/div>\n\t\t\t\t<\/div>","protected":false},"excerpt":{"rendered":"<p>FORMY P\u0141ATNO\u015aCI Klienci mog\u0105 skorzysta\u0107 z nast\u0119puj\u0105cych metod p\u0142atno\u015bci: \u2022 Karta p\u0142atnicza (Visa, Mastercard, American Express)\u2022 BLIK\u2022 PayPal\u2022 Google Pay \/ Apple Pay\u2022 Przelewy24 Mo\u017cliwy jest r\u00f3wnie\u017c tradycyjny przelew bankowy bezpo\u015brednio na nasze konto: PhantomWearmBankNr konta: 76 1140 2004 0000 3602 7779 0211 W tytule przelewu prosimy wpisa\u0107 numer zam\u00f3wienia oraz przes\u0142a\u0107 potwierdzenie przelewu na&#8230;<\/p>","protected":false},"author":1,"featured_media":0,"parent":0,"menu_order":0,"comment_status":"closed","ping_status":"closed","template":"","meta":{"_kad_post_transparent":"","_kad_post_title":"hide","_kad_post_layout":"default","_kad_post_sidebar_id":"","_kad_post_content_style":"unboxed","_kad_post_vertical_padding":"hide","_kad_post_feature":"hide","_kad_post_feature_position":"","_kad_post_header":false,"_kad_post_footer":false,"footnotes":""},"class_list":["post-2481","page","type-page","status-publish","hentry"],"_links":{"self":[{"href":"https:\/\/phantomwear.pl\/en\/wp-json\/wp\/v2\/pages\/2481","targetHints":{"allow":["GET"]}}],"collection":[{"href":"https:\/\/phantomwear.pl\/en\/wp-json\/wp\/v2\/pages"}],"about":[{"href":"https:\/\/phantomwear.pl\/en\/wp-json\/wp\/v2\/types\/page"}],"author":[{"embeddable":true,"href":"https:\/\/phantomwear.pl\/en\/wp-json\/wp\/v2\/users\/1"}],"replies":[{"embeddable":true,"href":"https:\/\/phantomwear.pl\/en\/wp-json\/wp\/v2\/comments?post=2481"}],"version-history":[{"count":40,"href":"https:\/\/phantomwear.pl\/en\/wp-json\/wp\/v2\/pages\/2481\/revisions"}],"predecessor-version":[{"id":23580,"href":"https:\/\/phantomwear.pl\/en\/wp-json\/wp\/v2\/pages\/2481\/revisions\/23580"}],"wp:attachment":[{"href":"https:\/\/phantomwear.pl\/en\/wp-json\/wp\/v2\/media?parent=2481"}],"curies":[{"name":"wp","href":"https:\/\/api.w.org\/{rel}","templated":true}]}}