{"id":2479,"date":"2024-06-26T21:17:49","date_gmt":"2024-06-26T19:17:49","guid":{"rendered":"https:\/\/phantomwear.pl\/?page_id=2479"},"modified":"2026-02-20T16:14:33","modified_gmt":"2026-02-20T15:14:33","slug":"czas-i-koszt-dostawy","status":"publish","type":"page","link":"https:\/\/phantomwear.pl\/en\/czas-i-koszt-dostawy\/","title":{"rendered":"Shipping Time &amp; Cost"},"content":{"rendered":"\t\t<div data-elementor-type=\"wp-page\" data-elementor-id=\"2479\" class=\"elementor elementor-2479\" data-elementor-post-type=\"page\">\n\t\t\t\t<div class=\"elementor-element elementor-element-d949036 e-flex e-con-boxed e-con e-parent\" data-id=\"d949036\" data-element_type=\"container\">\n\t\t\t\t\t<div class=\"e-con-inner\">\n\t\t\t\t<div class=\"elementor-element elementor-element-19b7f73 elementor-widget elementor-widget-heading\" data-id=\"19b7f73\" data-element_type=\"widget\" data-widget_type=\"heading.default\">\n\t\t\t\t<div class=\"elementor-widget-container\">\n\t\t\t\t\t<h2 class=\"elementor-heading-title elementor-size-default\">CZAS I KOSZTY DOSTAWY<\/h2>\t\t\t\t<\/div>\n\t\t\t\t<\/div>\n\t\t\t\t\t<\/div>\n\t\t\t\t<\/div>\n\t\t<div class=\"elementor-element elementor-element-b252ac7 elementor-hidden-mobile e-flex e-con-boxed e-con e-parent\" data-id=\"b252ac7\" data-element_type=\"container\">\n\t\t\t\t\t<div class=\"e-con-inner\">\n\t\t\t\t\t<\/div>\n\t\t\t\t<\/div>\n\t\t<div class=\"elementor-element elementor-element-ebc8397 elementor-hidden-mobile e-flex e-con-boxed e-con e-parent\" data-id=\"ebc8397\" data-element_type=\"container\">\n\t\t\t\t\t<div class=\"e-con-inner\">\n\t\t\t\t<div class=\"elementor-element elementor-element-62683a7 elementor-widget elementor-widget-image\" data-id=\"62683a7\" data-element_type=\"widget\" data-widget_type=\"image.default\">\n\t\t\t\t<div class=\"elementor-widget-container\">\n\t\t\t\t\t\t\t\t\t\t\t\t\t\t\t<img fetchpriority=\"high\" decoding=\"async\" width=\"1024\" height=\"108\" src=\"https:\/\/phantomwear.pl\/wp-content\/uploads\/2024\/06\/mniejszetlodostawa-1024x108.png\" class=\"attachment-large size-large wp-image-2983\" alt=\"\" srcset=\"https:\/\/phantomwear.pl\/wp-content\/uploads\/2024\/06\/mniejszetlodostawa-1024x108.png 1024w, https:\/\/phantomwear.pl\/wp-content\/uploads\/2024\/06\/mniejszetlodostawa-300x32.png 300w, https:\/\/phantomwear.pl\/wp-content\/uploads\/2024\/06\/mniejszetlodostawa-768x81.png 768w, https:\/\/phantomwear.pl\/wp-content\/uploads\/2024\/06\/mniejszetlodostawa-700x74.png 700w, https:\/\/phantomwear.pl\/wp-content\/uploads\/2024\/06\/mniejszetlodostawa.png 1521w\" sizes=\"(max-width: 1024px) 100vw, 1024px\" \/>\t\t\t\t\t\t\t\t\t\t\t\t\t\t\t<\/div>\n\t\t\t\t<\/div>\n\t\t\t\t\t<\/div>\n\t\t\t\t<\/div>\n\t\t<div class=\"elementor-element elementor-element-ca155e0 elementor-hidden-mobile e-flex e-con-boxed e-con e-parent\" data-id=\"ca155e0\" data-element_type=\"container\">\n\t\t\t\t\t<div class=\"e-con-inner\">\n\t\t\t\t<div class=\"elementor-element elementor-element-45f5e93 elementor-widget elementor-widget-text-editor\" data-id=\"45f5e93\" data-element_type=\"widget\" data-widget_type=\"text-editor.default\">\n\t\t\t\t<div class=\"elementor-widget-container\">\n\t\t\t\t\t\t\t\t\t<p>DARMOWA DOSTAWA od kwoty <strong>350 PLN*<\/strong><br \/>*dotyczy paczek do 25kg paczkomat InPost.<\/p>\t\t\t\t\t\t\t\t<\/div>\n\t\t\t\t<\/div>\n\t\t\t\t\t<\/div>\n\t\t\t\t<\/div>\n\t\t<div class=\"elementor-element elementor-element-6460d03 elementor-hidden-mobile e-flex e-con-boxed e-con e-parent\" data-id=\"6460d03\" data-element_type=\"container\">\n\t\t\t\t\t<div class=\"e-con-inner\">\n\t\t\t\t<div class=\"elementor-element elementor-element-f97ca79 elementor-widget elementor-widget-text-editor\" data-id=\"f97ca79\" data-element_type=\"widget\" data-widget_type=\"text-editor.default\">\n\t\t\t\t<div class=\"elementor-widget-container\">\n\t\t\t\t\t\t\t\t\t<p><b>Czas realizacji jest zale\u017cny od ilo\u015bci zam\u00f3wie\u0144 w danym tygodniu oraz dost\u0119pno\u015bci produkt\u00f3w w naszym w\u0142asnym magazynie, bezpiecznie przyjmujemy 1 tydzie\u0144.<br \/><\/b><span style=\"text-align: var(--text-align); background-color: transparent; color: var(--global-palette5); font-family: var(--global-body-font-family);\">Zawsze mo\u017cecie do nas napisa\u0107 i spyta\u0107 o status zam\u00f3wienia, ch\u0119tnie odpowiadamy!*.<\/span><\/p><p><strong>*W przypadku w\u0142asnych wzor\u00f3w (custom\u00f3w) termin wykonania ustalany jest indywidualnie w wiadomo\u015bci z klientem, zazwyczaj jest to 1-3 tygodnie.\u00a0<\/strong><\/p>\t\t\t\t\t\t\t\t<\/div>\n\t\t\t\t<\/div>\n\t\t\t\t\t<\/div>\n\t\t\t\t<\/div>\n\t\t<div class=\"elementor-element elementor-element-e834c06 elementor-hidden-mobile e-flex e-con-boxed e-con e-parent\" data-id=\"e834c06\" data-element_type=\"container\">\n\t\t\t\t\t<div class=\"e-con-inner\">\n\t\t<div class=\"elementor-element elementor-element-a33aff2 e-con-full e-flex e-con e-child\" data-id=\"a33aff2\" data-element_type=\"container\">\n\t\t\t\t<div class=\"elementor-element elementor-element-94dd939 elementor-widget elementor-widget-image\" data-id=\"94dd939\" data-element_type=\"widget\" data-widget_type=\"image.default\">\n\t\t\t\t<div class=\"elementor-widget-container\">\n\t\t\t\t\t\t\t\t\t\t\t\t\t\t\t<img fetchpriority=\"high\" decoding=\"async\" width=\"1024\" height=\"108\" src=\"https:\/\/phantomwear.pl\/wp-content\/uploads\/2024\/06\/mniejszetlodostawa-1024x108.png\" class=\"attachment-large size-large wp-image-2983\" alt=\"\" srcset=\"https:\/\/phantomwear.pl\/wp-content\/uploads\/2024\/06\/mniejszetlodostawa-1024x108.png 1024w, https:\/\/phantomwear.pl\/wp-content\/uploads\/2024\/06\/mniejszetlodostawa-300x32.png 300w, https:\/\/phantomwear.pl\/wp-content\/uploads\/2024\/06\/mniejszetlodostawa-768x81.png 768w, https:\/\/phantomwear.pl\/wp-content\/uploads\/2024\/06\/mniejszetlodostawa-700x74.png 700w, https:\/\/phantomwear.pl\/wp-content\/uploads\/2024\/06\/mniejszetlodostawa.png 1521w\" sizes=\"(max-width: 1024px) 100vw, 1024px\" \/>\t\t\t\t\t\t\t\t\t\t\t\t\t\t\t<\/div>\n\t\t\t\t<\/div>\n\t\t\t\t<\/div>\n\t\t\t\t\t<\/div>\n\t\t\t\t<\/div>\n\t\t<div class=\"elementor-element elementor-element-573e9c5 elementor-hidden-mobile e-flex e-con-boxed e-con e-parent\" data-id=\"573e9c5\" data-element_type=\"container\">\n\t\t\t\t\t<div class=\"e-con-inner\">\n\t\t<div class=\"elementor-element elementor-element-b262501 e-con-full e-flex e-con e-child\" data-id=\"b262501\" data-element_type=\"container\">\n\t\t\t\t<div class=\"elementor-element elementor-element-ede4889 elementor-widget elementor-widget-image\" data-id=\"ede4889\" data-element_type=\"widget\" data-widget_type=\"image.default\">\n\t\t\t\t<div class=\"elementor-widget-container\">\n\t\t\t\t\t\t\t\t\t\t\t\t\t\t\t<img decoding=\"async\" width=\"540\" height=\"371\" src=\"https:\/\/phantomwear.pl\/wp-content\/uploads\/2024\/06\/InPost_logotype_2019_lift_claim_RGB_transparent_for_white_backgrounds.png\" class=\"attachment-large size-large wp-image-3001\" alt=\"\" srcset=\"https:\/\/phantomwear.pl\/wp-content\/uploads\/2024\/06\/InPost_logotype_2019_lift_claim_RGB_transparent_for_white_backgrounds.png 540w, https:\/\/phantomwear.pl\/wp-content\/uploads\/2024\/06\/InPost_logotype_2019_lift_claim_RGB_transparent_for_white_backgrounds-300x206.png 300w\" sizes=\"(max-width: 540px) 100vw, 540px\" \/>\t\t\t\t\t\t\t\t\t\t\t\t\t\t\t<\/div>\n\t\t\t\t<\/div>\n\t\t\t\t<\/div>\n\t\t<div class=\"elementor-element elementor-element-62257b0 e-con-full e-flex e-con e-child\" data-id=\"62257b0\" data-element_type=\"container\">\n\t\t\t\t<div class=\"elementor-element elementor-element-728c189 elementor-widget elementor-widget-text-editor\" data-id=\"728c189\" data-element_type=\"widget\" data-widget_type=\"text-editor.default\">\n\t\t\t\t<div class=\"elementor-widget-container\">\n\t\t\t\t\t\t\t\t\t<p>do 22 kg<\/p>\t\t\t\t\t\t\t\t<\/div>\n\t\t\t\t<\/div>\n\t\t\t\t<\/div>\n\t\t<div class=\"elementor-element elementor-element-6134976 e-con-full e-flex e-con e-child\" data-id=\"6134976\" data-element_type=\"container\">\n\t\t\t\t<div class=\"elementor-element elementor-element-eb79f82 elementor-widget elementor-widget-text-editor\" data-id=\"eb79f82\" data-element_type=\"widget\" data-widget_type=\"text-editor.default\">\n\t\t\t\t<div class=\"elementor-widget-container\">\n\t\t\t\t\t\t\t\t\t<p><strong>17 PLN<\/strong><\/p>\t\t\t\t\t\t\t\t<\/div>\n\t\t\t\t<\/div>\n\t\t\t\t<\/div>\n\t\t<div class=\"elementor-element elementor-element-d9f991b e-con-full e-flex e-con e-child\" data-id=\"d9f991b\" data-element_type=\"container\">\n\t\t\t\t<div class=\"elementor-element elementor-element-cf2f1fd elementor-widget elementor-widget-text-editor\" data-id=\"cf2f1fd\" data-element_type=\"widget\" data-widget_type=\"text-editor.default\">\n\t\t\t\t<div class=\"elementor-widget-container\">\n\t\t\t\t\t\t\t\t\t<p><strong>Paczkomaty InPost<\/strong><\/p>\t\t\t\t\t\t\t\t<\/div>\n\t\t\t\t<\/div>\n\t\t\t\t<\/div>\n\t\t<div class=\"elementor-element elementor-element-1837214 e-con-full e-flex e-con e-child\" data-id=\"1837214\" data-element_type=\"container\">\n\t\t\t\t<\/div>\n\t\t<div class=\"elementor-element elementor-element-b0ff36e e-con-full e-flex e-con e-child\" data-id=\"b0ff36e\" data-element_type=\"container\">\n\t\t\t\t<\/div>\n\t\t\t\t\t<\/div>\n\t\t\t\t<\/div>\n\t\t<div class=\"elementor-element elementor-element-818d1dd elementor-hidden-mobile e-flex e-con-boxed e-con e-parent\" data-id=\"818d1dd\" data-element_type=\"container\">\n\t\t\t\t\t<div class=\"e-con-inner\">\n\t\t<div class=\"elementor-element elementor-element-06ed18a e-con-full elementor-hidden-mobile e-flex e-con e-child\" data-id=\"06ed18a\" data-element_type=\"container\">\n\t\t<div class=\"elementor-element elementor-element-55e62b0 e-con-full e-flex e-con e-child\" data-id=\"55e62b0\" data-element_type=\"container\">\n\t\t\t\t<div class=\"elementor-element elementor-element-52f7a40 elementor-widget elementor-widget-image\" data-id=\"52f7a40\" data-element_type=\"widget\" data-widget_type=\"image.default\">\n\t\t\t\t<div class=\"elementor-widget-container\">\n\t\t\t\t\t\t\t\t\t\t\t\t\t\t\t<img fetchpriority=\"high\" decoding=\"async\" width=\"1024\" height=\"108\" src=\"https:\/\/phantomwear.pl\/wp-content\/uploads\/2024\/06\/mniejszetlodostawa-1024x108.png\" class=\"attachment-large size-large wp-image-2983\" alt=\"\" srcset=\"https:\/\/phantomwear.pl\/wp-content\/uploads\/2024\/06\/mniejszetlodostawa-1024x108.png 1024w, https:\/\/phantomwear.pl\/wp-content\/uploads\/2024\/06\/mniejszetlodostawa-300x32.png 300w, https:\/\/phantomwear.pl\/wp-content\/uploads\/2024\/06\/mniejszetlodostawa-768x81.png 768w, https:\/\/phantomwear.pl\/wp-content\/uploads\/2024\/06\/mniejszetlodostawa-700x74.png 700w, https:\/\/phantomwear.pl\/wp-content\/uploads\/2024\/06\/mniejszetlodostawa.png 1521w\" sizes=\"(max-width: 1024px) 100vw, 1024px\" \/>\t\t\t\t\t\t\t\t\t\t\t\t\t\t\t<\/div>\n\t\t\t\t<\/div>\n\t\t\t\t<\/div>\n\t\t\t\t<\/div>\n\t\t<div class=\"elementor-element elementor-element-d4e4e41 e-con-full elementor-hidden-mobile e-flex e-con e-child\" data-id=\"d4e4e41\" data-element_type=\"container\">\n\t\t<div class=\"elementor-element elementor-element-584c340 e-con-full e-flex e-con e-child\" data-id=\"584c340\" data-element_type=\"container\">\n\t\t\t\t<\/div>\n\t\t<div class=\"elementor-element elementor-element-1e94e79 e-con-full e-flex e-con e-child\" data-id=\"1e94e79\" data-element_type=\"container\">\n\t\t\t\t<div class=\"elementor-element elementor-element-c37c3aa elementor-widget elementor-widget-text-editor\" data-id=\"c37c3aa\" data-element_type=\"widget\" data-widget_type=\"text-editor.default\">\n\t\t\t\t<div class=\"elementor-widget-container\">\n\t\t\t\t\t\t\t\t\t<p>W sprawie wysy\u0142ki zagranicznej<br \/>nale\u017cy kontaktowa\u0107 si\u0119 z nami prywatnie,<br \/>wtedy te\u017c ustalane s\u0105 koszty wysy\u0142ki<\/p>\t\t\t\t\t\t\t\t<\/div>\n\t\t\t\t<\/div>\n\t\t\t\t<\/div>\n\t\t<div class=\"elementor-element elementor-element-270fe5f e-con-full e-flex e-con e-child\" data-id=\"270fe5f\" data-element_type=\"container\">\n\t\t\t\t<div class=\"elementor-element elementor-element-f7865c2 elementor-widget elementor-widget-text-editor\" data-id=\"f7865c2\" data-element_type=\"widget\" data-widget_type=\"text-editor.default\">\n\t\t\t\t<div class=\"elementor-widget-container\">\n\t\t\t\t\t\t\t\t\t<p><strong>od 50 PLN<\/strong><\/p>\t\t\t\t\t\t\t\t<\/div>\n\t\t\t\t<\/div>\n\t\t\t\t<\/div>\n\t\t<div class=\"elementor-element elementor-element-01bc17a e-con-full e-flex e-con e-child\" data-id=\"01bc17a\" data-element_type=\"container\">\n\t\t\t\t<div class=\"elementor-element elementor-element-7ae8e31 elementor-widget elementor-widget-text-editor\" data-id=\"7ae8e31\" data-element_type=\"widget\" data-widget_type=\"text-editor.default\">\n\t\t\t\t<div class=\"elementor-widget-container\">\n\t\t\t\t\t\t\t\t\t<p><strong>Wysy\u0142ka zagraniczna<\/strong><\/p>\t\t\t\t\t\t\t\t<\/div>\n\t\t\t\t<\/div>\n\t\t\t\t<\/div>\n\t\t<div class=\"elementor-element elementor-element-eb5ec32 e-con-full e-flex e-con e-child\" data-id=\"eb5ec32\" data-element_type=\"container\">\n\t\t\t\t<\/div>\n\t\t<div class=\"elementor-element elementor-element-1263c3f e-con-full e-flex e-con e-child\" data-id=\"1263c3f\" data-element_type=\"container\">\n\t\t\t\t<\/div>\n\t\t\t\t<\/div>\n\t\t\t\t\t<\/div>\n\t\t\t\t<\/div>\n\t\t<div class=\"elementor-element elementor-element-6d21795 e-con-full elementor-hidden-desktop elementor-hidden-tablet e-flex e-con e-parent\" data-id=\"6d21795\" data-element_type=\"container\">\n\t\t\t\t<div class=\"elementor-element elementor-element-ffbee77 elementor-widget elementor-widget-text-editor\" data-id=\"ffbee77\" data-element_type=\"widget\" data-widget_type=\"text-editor.default\">\n\t\t\t\t<div class=\"elementor-widget-container\">\n\t\t\t\t\t\t\t\t\t<div class=\"flex flex-col text-sm pb-25\"><article class=\"text-token-text-primary w-full focus:outline-none [--shadow-height:45px] has-data-writing-block:pointer-events-none has-data-writing-block:-mt-(--shadow-height) has-data-writing-block:pt-(--shadow-height) [&amp;:has([data-writing-block])&gt;*]:pointer-events-auto scroll-mt-[calc(var(--header-height)+min(200px,max(70px,20svh)))]\" dir=\"auto\" tabindex=\"-1\" data-turn-id=\"request-WEB:ea5a1ff0-92d5-41c8-a3d5-eed7bfbb30e4-38\" data-testid=\"conversation-turn-4\" data-scroll-anchor=\"true\" data-turn=\"assistant\"><div class=\"text-base my-auto mx-auto pb-10 [--thread-content-margin:--spacing(4)] @w-sm\/main:[--thread-content-margin:--spacing(6)] @w-lg\/main:[--thread-content-margin:--spacing(16)] px-(--thread-content-margin)\"><div class=\"[--thread-content-max-width:40rem] @w-lg\/main:[--thread-content-max-width:48rem] mx-auto max-w-(--thread-content-max-width) flex-1 group\/turn-messages focus-visible:outline-hidden relative flex w-full min-w-0 flex-col agent-turn\" tabindex=\"-1\"><div class=\"flex max-w-full flex-col grow\"><div class=\"min-h-8 text-message relative flex w-full flex-col items-end gap-2 text-start break-words whitespace-normal [.text-message+&amp;]:mt-1\" dir=\"auto\" data-message-author-role=\"assistant\" data-message-id=\"89ac17f1-2b91-4575-8759-cecca3300a96\" data-message-model-slug=\"gpt-5-2\"><div class=\"flex w-full flex-col gap-1 empty:hidden first:pt-[1px]\"><div class=\"markdown prose dark:prose-invert w-full wrap-break-word dark markdown-new-styling\"><p data-start=\"26\" data-end=\"149\"><strong data-start=\"26\" data-end=\"103\">Darmowa dostawa obowi\u0105zuje na terenie Polski przy zam\u00f3wieniach od 350 PLN<\/strong> (dotyczy paczek do 25 kg \u2013 Paczkomat InPost).<\/p><p data-start=\"151\" data-end=\"293\"><strong data-start=\"151\" data-end=\"206\">Standardowy czas realizacji wynosi oko\u0142o 1 tygodnia<\/strong> i zale\u017cy od liczby zam\u00f3wie\u0144 w danym tygodniu oraz dost\u0119pno\u015bci produkt\u00f3w w magazynie.<\/p><p data-start=\"295\" data-end=\"425\">W przypadku w\u0142asnych wzor\u00f3w (custom\u00f3w) <strong data-start=\"334\" data-end=\"383\">termin realizacji ustalany jest indywidualnie<\/strong> i zazwyczaj wynosi <strong data-start=\"403\" data-end=\"424\">od 1 do 3 tygodni<\/strong>.<\/p><p data-start=\"427\" data-end=\"463\"><strong data-start=\"427\" data-end=\"463\">Koszt dostawy na terenie Polski:<\/strong><\/p><ul data-start=\"464\" data-end=\"507\"><li data-start=\"464\" data-end=\"507\"><p data-start=\"466\" data-end=\"507\"><strong data-start=\"466\" data-end=\"507\">Paczkomaty InPost (do 22 kg) \u2013 17 PLN<\/strong><\/p><\/li><\/ul><p data-start=\"509\" data-end=\"533\"><strong data-start=\"509\" data-end=\"533\">Wysy\u0142ka zagraniczna:<\/strong><\/p><ul data-start=\"534\" data-end=\"621\" data-is-last-node=\"\" data-is-only-node=\"\"><li data-start=\"534\" data-end=\"621\" data-is-last-node=\"\"><p data-start=\"536\" data-end=\"621\" data-is-last-node=\"\"><strong data-start=\"536\" data-end=\"555\">Koszt od 50 PLN<\/strong> (ustalany indywidualnie po kontakcie przed z\u0142o\u017ceniem zam\u00f3wienia).<\/p><\/li><\/ul><\/div><\/div><\/div><\/div><div class=\"z-0 flex min-h-[46px] justify-start\">\u00a0<\/div><div class=\"mt-3 w-full empty:hidden\"><div class=\"text-center\">\u00a0<\/div><\/div><\/div><\/div><\/article><\/div><div class=\"pointer-events-none h-px w-px absolute bottom-0\" aria-hidden=\"true\" data-edge=\"true\">\u00a0<\/div>\t\t\t\t\t\t\t\t<\/div>\n\t\t\t\t<\/div>\n\t\t\t\t<\/div>\n\t\t<div class=\"elementor-element elementor-element-4bb9445 e-flex e-con-boxed e-con e-parent\" data-id=\"4bb9445\" data-element_type=\"container\">\n\t\t\t\t\t<div class=\"e-con-inner\">\n\t\t\t\t<div class=\"elementor-element elementor-element-3388c63 elementor-shape-rounded elementor-grid-0 e-grid-align-center elementor-widget elementor-widget-social-icons\" data-id=\"3388c63\" data-element_type=\"widget\" data-widget_type=\"social-icons.default\">\n\t\t\t\t<div class=\"elementor-widget-container\">\n\t\t\t\t\t\t\t<div class=\"elementor-social-icons-wrapper elementor-grid\">\n\t\t\t\t\t\t\t<span class=\"elementor-grid-item\">\n\t\t\t\t\t<a class=\"elementor-icon elementor-social-icon elementor-social-icon-instagram elementor-animation-grow elementor-repeater-item-d9b2793\" href=\"https:\/\/www.instagram.com\/phantomwearpll\" target=\"_blank\">\n\t\t\t\t\t\t<span class=\"elementor-screen-only\">Instagram<\/span>\n\t\t\t\t\t\t<svg class=\"e-font-icon-svg e-fab-instagram\" viewBox=\"0 0 448 512\" xmlns=\"http:\/\/www.w3.org\/2000\/svg\"><path d=\"M224.1 141c-63.6 0-114.9 51.3-114.9 114.9s51.3 114.9 114.9 114.9S339 319.5 339 255.9 287.7 141 224.1 141zm0 189.6c-41.1 0-74.7-33.5-74.7-74.7s33.5-74.7 74.7-74.7 74.7 33.5 74.7 74.7-33.6 74.7-74.7 74.7zm146.4-194.3c0 14.9-12 26.8-26.8 26.8-14.9 0-26.8-12-26.8-26.8s12-26.8 26.8-26.8 26.8 12 26.8 26.8zm76.1 27.2c-1.7-35.9-9.9-67.7-36.2-93.9-26.2-26.2-58-34.4-93.9-36.2-37-2.1-147.9-2.1-184.9 0-35.8 1.7-67.6 9.9-93.9 36.1s-34.4 58-36.2 93.9c-2.1 37-2.1 147.9 0 184.9 1.7 35.9 9.9 67.7 36.2 93.9s58 34.4 93.9 36.2c37 2.1 147.9 2.1 184.9 0 35.9-1.7 67.7-9.9 93.9-36.2 26.2-26.2 34.4-58 36.2-93.9 2.1-37 2.1-147.8 0-184.8zM398.8 388c-7.8 19.6-22.9 34.7-42.6 42.6-29.5 11.7-99.5 9-132.1 9s-102.7 2.6-132.1-9c-19.6-7.8-34.7-22.9-42.6-42.6-11.7-29.5-9-99.5-9-132.1s-2.6-102.7 9-132.1c7.8-19.6 22.9-34.7 42.6-42.6 29.5-11.7 99.5-9 132.1-9s102.7-2.6 132.1 9c19.6 7.8 34.7 22.9 42.6 42.6 11.7 29.5 9 99.5 9 132.1s2.7 102.7-9 132.1z\"><\/path><\/svg>\t\t\t\t\t<\/a>\n\t\t\t\t<\/span>\n\t\t\t\t\t\t\t<span class=\"elementor-grid-item\">\n\t\t\t\t\t<a class=\"elementor-icon elementor-social-icon elementor-social-icon-facebook elementor-animation-grow elementor-repeater-item-d537394\" href=\"https:\/\/www.facebook.com\/PhantomWearPL?paipv=0&#038;eav=AfYK4ru7vNqhzi_KKS67_GUrdmhXRbCAO0_rPxunLjap7RB-pKDaeAkUNH9kWs3JM4o&#038;_rdr\" target=\"_blank\">\n\t\t\t\t\t\t<span class=\"elementor-screen-only\">Facebook<\/span>\n\t\t\t\t\t\t<svg class=\"e-font-icon-svg e-fab-facebook\" viewBox=\"0 0 512 512\" xmlns=\"http:\/\/www.w3.org\/2000\/svg\"><path d=\"M504 256C504 119 393 8 256 8S8 119 8 256c0 123.78 90.69 226.38 209.25 245V327.69h-63V256h63v-54.64c0-62.15 37-96.48 93.67-96.48 27.14 0 55.52 4.84 55.52 4.84v61h-31.28c-30.8 0-40.41 19.12-40.41 38.73V256h68.78l-11 71.69h-57.78V501C413.31 482.38 504 379.78 504 256z\"><\/path><\/svg>\t\t\t\t\t<\/a>\n\t\t\t\t<\/span>\n\t\t\t\t\t<\/div>\n\t\t\t\t\t\t<\/div>\n\t\t\t\t<\/div>\n\t\t\t\t\t<\/div>\n\t\t\t\t<\/div>\n\t\t\t\t<\/div>\n\t\t","protected":false},"excerpt":{"rendered":"<p>CZAS I KOSZTY DOSTAWY DARMOWA DOSTAWA od kwoty 350 PLN**dotyczy paczek do 25kg paczkomat InPost. Czas realizacji jest zale\u017cny od ilo\u015bci zam\u00f3wie\u0144 w danym tygodniu oraz dost\u0119pno\u015bci produkt\u00f3w w naszym w\u0142asnym magazynie, bezpiecznie przyjmujemy 1 tydzie\u0144.Zawsze mo\u017cecie do nas napisa\u0107 i spyta\u0107 o status zam\u00f3wienia, ch\u0119tnie odpowiadamy!*. *W przypadku w\u0142asnych wzor\u00f3w (custom\u00f3w) termin wykonania ustalany&#8230;<\/p>","protected":false},"author":1,"featured_media":0,"parent":0,"menu_order":0,"comment_status":"closed","ping_status":"closed","template":"","meta":{"_kad_post_transparent":"","_kad_post_title":"hide","_kad_post_layout":"fullwidth","_kad_post_sidebar_id":"","_kad_post_content_style":"unboxed","_kad_post_vertical_padding":"hide","_kad_post_feature":"hide","_kad_post_feature_position":"","_kad_post_header":false,"_kad_post_footer":false,"footnotes":""},"class_list":["post-2479","page","type-page","status-publish","hentry"],"_links":{"self":[{"href":"https:\/\/phantomwear.pl\/en\/wp-json\/wp\/v2\/pages\/2479","targetHints":{"allow":["GET"]}}],"collection":[{"href":"https:\/\/phantomwear.pl\/en\/wp-json\/wp\/v2\/pages"}],"about":[{"href":"https:\/\/phantomwear.pl\/en\/wp-json\/wp\/v2\/types\/page"}],"author":[{"embeddable":true,"href":"https:\/\/phantomwear.pl\/en\/wp-json\/wp\/v2\/users\/1"}],"replies":[{"embeddable":true,"href":"https:\/\/phantomwear.pl\/en\/wp-json\/wp\/v2\/comments?post=2479"}],"version-history":[{"count":64,"href":"https:\/\/phantomwear.pl\/en\/wp-json\/wp\/v2\/pages\/2479\/revisions"}],"predecessor-version":[{"id":23706,"href":"https:\/\/phantomwear.pl\/en\/wp-json\/wp\/v2\/pages\/2479\/revisions\/23706"}],"wp:attachment":[{"href":"https:\/\/phantomwear.pl\/en\/wp-json\/wp\/v2\/media?parent=2479"}],"curies":[{"name":"wp","href":"https:\/\/api.w.org\/{rel}","templated":true}]}}